{"id":1323,"date":"2023-12-08T21:45:22","date_gmt":"2023-12-08T21:45:22","guid":{"rendered":"https:\/\/gabrielveiz.com.br\/?post_type=product&#038;p=1323"},"modified":"2024-11-11T12:17:42","modified_gmt":"2024-11-11T12:17:42","slug":"print-a3","status":"publish","type":"product","link":"https:\/\/gabrielveiz.com.br\/index.php\/produto\/print-a3\/","title":{"rendered":"Print XYZ-  A3"},"content":{"rendered":"","protected":false},"excerpt":{"rendered":"<p><span>Esta impress\u00e3o \u00e9 baseada em uma tela chamada &#8216;XYZ&#8217;, que representa sua mem\u00f3ria dos tempos de escola.<\/span><\/p>\n<p><span>Impress\u00e3o Deluxe\u00a0\u00a0de edi\u00e7\u00e3o limitada\u00a0.\u00a0Assinado, numerado e embelezado \u00e0 m\u00e3o por VEIZ.<\/span><\/p>\n<ul>\n<li><span>Tamanho da edi\u00e7\u00e3o: 50<\/span><\/li>\n<li><span>Tamanho: 30 x 40 cm \/ <\/span><span>Tipo: impress\u00e3o gicl\u00e9e<\/span><\/li>\n<\/ul>\n<p><span>Caracter\u00edsticas: tinta spray e impress\u00e3o gicl\u00e9e acr\u00edlica embelezada \u00e0 m\u00e3o em papel Hahnem\u00fchle 270 g\/m2 com etiqueta DOES em relevo e carimbo de cera.<\/span><\/p>\n<p><span>Todas as impress\u00f5es v\u00eam com certificado de autenticidade.<\/span><\/p>\n","protected":false},"featured_media":319,"comment_status":"open","ping_status":"closed","template":"","meta":[],"product_brand":[],"product_cat":[22],"product_tag":[],"class_list":{"0":"post-1323","1":"product","2":"type-product","3":"status-publish","4":"has-post-thumbnail","6":"product_cat-prints","8":"first","9":"instock","10":"shipping-taxable","11":"purchasable","12":"product-type-simple"},"_links":{"self":[{"href":"https:\/\/gabrielveiz.com.br\/index.php\/wp-json\/wp\/v2\/product\/1323","targetHints":{"allow":["GET"]}}],"collection":[{"href":"https:\/\/gabrielveiz.com.br\/index.php\/wp-json\/wp\/v2\/product"}],"about":[{"href":"https:\/\/gabrielveiz.com.br\/index.php\/wp-json\/wp\/v2\/types\/product"}],"replies":[{"embeddable":true,"href":"https:\/\/gabrielveiz.com.br\/index.php\/wp-json\/wp\/v2\/comments?post=1323"}],"wp:featuredmedia":[{"embeddable":true,"href":"https:\/\/gabrielveiz.com.br\/index.php\/wp-json\/wp\/v2\/media\/319"}],"wp:attachment":[{"href":"https:\/\/gabrielveiz.com.br\/index.php\/wp-json\/wp\/v2\/media?parent=1323"}],"wp:term":[{"taxonomy":"product_brand","embeddable":true,"href":"https:\/\/gabrielveiz.com.br\/index.php\/wp-json\/wp\/v2\/product_brand?post=1323"},{"taxonomy":"product_cat","embeddable":true,"href":"https:\/\/gabrielveiz.com.br\/index.php\/wp-json\/wp\/v2\/product_cat?post=1323"},{"taxonomy":"product_tag","embeddable":true,"href":"https:\/\/gabrielveiz.com.br\/index.php\/wp-json\/wp\/v2\/product_tag?post=1323"}],"curies":[{"name":"wp","href":"https:\/\/api.w.org\/{rel}","templated":true}]}}