{"id":1829,"date":"2024-07-18T17:56:48","date_gmt":"2024-07-18T17:56:48","guid":{"rendered":"https:\/\/gabrielveiz.com.br\/?page_id=1829"},"modified":"2024-07-18T19:38:21","modified_gmt":"2024-07-18T19:38:21","slug":"ilustras_14nest","status":"publish","type":"page","link":"https:\/\/gabrielveiz.com.br\/index.php\/ilustras_14nest\/","title":{"rendered":"ilustras_14nest"},"content":{"rendered":"\t\t<div data-elementor-type=\"wp-page\" data-elementor-id=\"1829\" class=\"elementor elementor-1829\">\n\t\t\t\t\t\t<section class=\"elementor-section elementor-top-section elementor-element elementor-element-7b306f3 elementor-section-full_width elementor-section-height-min-height elementor-section-height-default elementor-section-items-middle\" data-id=\"7b306f3\" data-element_type=\"section\" data-e-type=\"section\" data-settings=\"{&quot;background_background&quot;:&quot;classic&quot;}\">\n\t\t\t\t\t\t\t<div class=\"elementor-background-overlay\"><\/div>\n\t\t\t\t\t\t\t<div class=\"elementor-container elementor-column-gap-no\">\n\t\t\t\t\t<div class=\"elementor-column elementor-col-100 elementor-top-column elementor-element elementor-element-8420f3a\" data-id=\"8420f3a\" data-element_type=\"column\" data-e-type=\"column\">\n\t\t\t<div class=\"elementor-widget-wrap elementor-element-populated\">\n\t\t\t\t\t\t<div class=\"elementor-element elementor-element-535d693 elementor-invisible elementor-widget elementor-widget-image\" data-id=\"535d693\" data-element_type=\"widget\" data-e-type=\"widget\" data-settings=\"{&quot;_animation&quot;:&quot;fadeInDown&quot;}\" data-widget_type=\"image.default\">\n\t\t\t\t<div class=\"elementor-widget-container\">\n\t\t\t\t\t\t\t\t\t\t\t\t\t\t\t<img fetchpriority=\"high\" decoding=\"async\" width=\"300\" height=\"230\" src=\"https:\/\/gabrielveiz.com.br\/wp-content\/uploads\/2023\/02\/logo_veiznovo_pq.png\" class=\"attachment-large size-large wp-image-358\" alt=\"\" \/>\t\t\t\t\t\t\t\t\t\t\t\t\t\t\t<\/div>\n\t\t\t\t<\/div>\n\t\t\t\t\t<\/div>\n\t\t<\/div>\n\t\t\t\t\t<\/div>\n\t\t<\/section>\n\t\t\t\t<section class=\"elementor-section elementor-top-section elementor-element elementor-element-f481910 elementor-section-boxed elementor-section-height-default elementor-section-height-default\" data-id=\"f481910\" data-element_type=\"section\" data-e-type=\"section\" data-settings=\"{&quot;background_background&quot;:&quot;classic&quot;}\">\n\t\t\t\t\t\t<div class=\"elementor-container elementor-column-gap-default\">\n\t\t\t\t\t<div class=\"elementor-column elementor-col-100 elementor-top-column elementor-element elementor-element-83f772f\" data-id=\"83f772f\" data-element_type=\"column\" data-e-type=\"column\" data-settings=\"{&quot;background_background&quot;:&quot;classic&quot;}\">\n\t\t\t<div class=\"elementor-widget-wrap elementor-element-populated\">\n\t\t\t\t\t\t<div class=\"elementor-element elementor-element-31b7012 elementor-widget elementor-widget-heading\" data-id=\"31b7012\" data-element_type=\"widget\" data-e-type=\"widget\" data-widget_type=\"heading.default\">\n\t\t\t\t<div class=\"elementor-widget-container\">\n\t\t\t\t\t<h2 class=\"elementor-heading-title elementor-size-default\">Nest<\/h2>\t\t\t\t<\/div>\n\t\t\t\t<\/div>\n\t\t\t\t<div class=\"elementor-element elementor-element-b6198a1 gallery-spacing-custom elementor-widget elementor-widget-image-gallery\" data-id=\"b6198a1\" data-element_type=\"widget\" data-e-type=\"widget\" data-widget_type=\"image-gallery.default\">\n\t\t\t\t<div class=\"elementor-widget-container\">\n\t\t\t\t\t\t\t<div class=\"elementor-image-gallery\">\n\t\t\t<div id='gallery-1' class='gallery galleryid-1829 gallery-columns-2 gallery-size-full'><figure class='gallery-item'>\n\t\t\t<div class='gallery-icon landscape'>\n\t\t\t\t<a data-elementor-open-lightbox=\"yes\" data-elementor-lightbox-slideshow=\"b6198a1\" data-elementor-lightbox-title=\"0beeae6b-636a-41ad-809c-fb724f46a895\" data-e-action-hash=\"#elementor-action%3Aaction%3Dlightbox%26settings%3DeyJpZCI6MTg1OSwidXJsIjoiaHR0cHM6XC9cL2dhYnJpZWx2ZWl6LmNvbS5iclwvd3AtY29udGVudFwvdXBsb2Fkc1wvMjAyNFwvMDdcLzBiZWVhZTZiLTYzNmEtNDFhZC04MDljLWZiNzI0ZjQ2YTg5NS5qcGciLCJzbGlkZXNob3ciOiJiNjE5OGExIn0%3D\" href='https:\/\/gabrielveiz.com.br\/wp-content\/uploads\/2024\/07\/0beeae6b-636a-41ad-809c-fb724f46a895.jpg'><img decoding=\"async\" width=\"1482\" height=\"975\" src=\"https:\/\/gabrielveiz.com.br\/wp-content\/uploads\/2024\/07\/0beeae6b-636a-41ad-809c-fb724f46a895.jpg\" class=\"attachment-full size-full\" alt=\"\" srcset=\"https:\/\/gabrielveiz.com.br\/wp-content\/uploads\/2024\/07\/0beeae6b-636a-41ad-809c-fb724f46a895.jpg 1482w, https:\/\/gabrielveiz.com.br\/wp-content\/uploads\/2024\/07\/0beeae6b-636a-41ad-809c-fb724f46a895-300x197.jpg 300w, https:\/\/gabrielveiz.com.br\/wp-content\/uploads\/2024\/07\/0beeae6b-636a-41ad-809c-fb724f46a895-1024x674.jpg 1024w, https:\/\/gabrielveiz.com.br\/wp-content\/uploads\/2024\/07\/0beeae6b-636a-41ad-809c-fb724f46a895-768x505.jpg 768w, https:\/\/gabrielveiz.com.br\/wp-content\/uploads\/2024\/07\/0beeae6b-636a-41ad-809c-fb724f46a895-600x395.jpg 600w\" sizes=\"(max-width: 1482px) 100vw, 1482px\" \/><\/a>\n\t\t\t<\/div><\/figure><figure class='gallery-item'>\n\t\t\t<div class='gallery-icon landscape'>\n\t\t\t\t<a data-elementor-open-lightbox=\"yes\" data-elementor-lightbox-slideshow=\"b6198a1\" data-elementor-lightbox-title=\"9f8c137e-d4a8-4fdb-9302-7bba598d0c4d\" data-e-action-hash=\"#elementor-action%3Aaction%3Dlightbox%26settings%3DeyJpZCI6MTg2MSwidXJsIjoiaHR0cHM6XC9cL2dhYnJpZWx2ZWl6LmNvbS5iclwvd3AtY29udGVudFwvdXBsb2Fkc1wvMjAyNFwvMDdcLzlmOGMxMzdlLWQ0YTgtNGZkYi05MzAyLTdiYmE1OThkMGM0ZC5qcGciLCJzbGlkZXNob3ciOiJiNjE5OGExIn0%3D\" href='https:\/\/gabrielveiz.com.br\/wp-content\/uploads\/2024\/07\/9f8c137e-d4a8-4fdb-9302-7bba598d0c4d.jpg'><img decoding=\"async\" width=\"1497\" height=\"992\" src=\"https:\/\/gabrielveiz.com.br\/wp-content\/uploads\/2024\/07\/9f8c137e-d4a8-4fdb-9302-7bba598d0c4d.jpg\" class=\"attachment-full size-full\" alt=\"\" srcset=\"https:\/\/gabrielveiz.com.br\/wp-content\/uploads\/2024\/07\/9f8c137e-d4a8-4fdb-9302-7bba598d0c4d.jpg 1497w, https:\/\/gabrielveiz.com.br\/wp-content\/uploads\/2024\/07\/9f8c137e-d4a8-4fdb-9302-7bba598d0c4d-300x199.jpg 300w, https:\/\/gabrielveiz.com.br\/wp-content\/uploads\/2024\/07\/9f8c137e-d4a8-4fdb-9302-7bba598d0c4d-1024x679.jpg 1024w, https:\/\/gabrielveiz.com.br\/wp-content\/uploads\/2024\/07\/9f8c137e-d4a8-4fdb-9302-7bba598d0c4d-768x509.jpg 768w, https:\/\/gabrielveiz.com.br\/wp-content\/uploads\/2024\/07\/9f8c137e-d4a8-4fdb-9302-7bba598d0c4d-600x398.jpg 600w\" sizes=\"(max-width: 1497px) 100vw, 1497px\" \/><\/a>\n\t\t\t<\/div><\/figure><figure class='gallery-item'>\n\t\t\t<div class='gallery-icon portrait'>\n\t\t\t\t<a data-elementor-open-lightbox=\"yes\" data-elementor-lightbox-slideshow=\"b6198a1\" data-elementor-lightbox-title=\"1476B525-8C02-4599-A528-3BEC45E36FD2\" data-e-action-hash=\"#elementor-action%3Aaction%3Dlightbox%26settings%3DeyJpZCI6MTg2MiwidXJsIjoiaHR0cHM6XC9cL2dhYnJpZWx2ZWl6LmNvbS5iclwvd3AtY29udGVudFwvdXBsb2Fkc1wvMjAyNFwvMDdcLzE0NzZCNTI1LThDMDItNDU5OS1BNTI4LTNCRUM0NUUzNkZEMi1zY2FsZWQuanBnIiwic2xpZGVzaG93IjoiYjYxOThhMSJ9\" href='https:\/\/gabrielveiz.com.br\/wp-content\/uploads\/2024\/07\/1476B525-8C02-4599-A528-3BEC45E36FD2-scaled.jpg'><img loading=\"lazy\" decoding=\"async\" width=\"1440\" height=\"2560\" src=\"https:\/\/gabrielveiz.com.br\/wp-content\/uploads\/2024\/07\/1476B525-8C02-4599-A528-3BEC45E36FD2-scaled.jpg\" class=\"attachment-full size-full\" alt=\"\" srcset=\"https:\/\/gabrielveiz.com.br\/wp-content\/uploads\/2024\/07\/1476B525-8C02-4599-A528-3BEC45E36FD2-scaled.jpg 1440w, https:\/\/gabrielveiz.com.br\/wp-content\/uploads\/2024\/07\/1476B525-8C02-4599-A528-3BEC45E36FD2-169x300.jpg 169w, https:\/\/gabrielveiz.com.br\/wp-content\/uploads\/2024\/07\/1476B525-8C02-4599-A528-3BEC45E36FD2-576x1024.jpg 576w, https:\/\/gabrielveiz.com.br\/wp-content\/uploads\/2024\/07\/1476B525-8C02-4599-A528-3BEC45E36FD2-768x1365.jpg 768w, https:\/\/gabrielveiz.com.br\/wp-content\/uploads\/2024\/07\/1476B525-8C02-4599-A528-3BEC45E36FD2-864x1536.jpg 864w, https:\/\/gabrielveiz.com.br\/wp-content\/uploads\/2024\/07\/1476B525-8C02-4599-A528-3BEC45E36FD2-1152x2048.jpg 1152w, https:\/\/gabrielveiz.com.br\/wp-content\/uploads\/2024\/07\/1476B525-8C02-4599-A528-3BEC45E36FD2-600x1067.jpg 600w\" sizes=\"(max-width: 1440px) 100vw, 1440px\" \/><\/a>\n\t\t\t<\/div><\/figure><figure class='gallery-item'>\n\t\t\t<div class='gallery-icon portrait'>\n\t\t\t\t<a data-elementor-open-lightbox=\"yes\" data-elementor-lightbox-slideshow=\"b6198a1\" data-elementor-lightbox-title=\"CE720BDF-BC45-4D87-8F42-3A2BC74521E0\" data-e-action-hash=\"#elementor-action%3Aaction%3Dlightbox%26settings%3DeyJpZCI6MTg2MywidXJsIjoiaHR0cHM6XC9cL2dhYnJpZWx2ZWl6LmNvbS5iclwvd3AtY29udGVudFwvdXBsb2Fkc1wvMjAyNFwvMDdcL0NFNzIwQkRGLUJDNDUtNEQ4Ny04RjQyLTNBMkJDNzQ1MjFFMC1zY2FsZWQuanBnIiwic2xpZGVzaG93IjoiYjYxOThhMSJ9\" href='https:\/\/gabrielveiz.com.br\/wp-content\/uploads\/2024\/07\/CE720BDF-BC45-4D87-8F42-3A2BC74521E0-scaled.jpg'><img loading=\"lazy\" decoding=\"async\" width=\"1440\" height=\"2560\" src=\"https:\/\/gabrielveiz.com.br\/wp-content\/uploads\/2024\/07\/CE720BDF-BC45-4D87-8F42-3A2BC74521E0-scaled.jpg\" class=\"attachment-full size-full\" alt=\"\" srcset=\"https:\/\/gabrielveiz.com.br\/wp-content\/uploads\/2024\/07\/CE720BDF-BC45-4D87-8F42-3A2BC74521E0-scaled.jpg 1440w, https:\/\/gabrielveiz.com.br\/wp-content\/uploads\/2024\/07\/CE720BDF-BC45-4D87-8F42-3A2BC74521E0-169x300.jpg 169w, https:\/\/gabrielveiz.com.br\/wp-content\/uploads\/2024\/07\/CE720BDF-BC45-4D87-8F42-3A2BC74521E0-576x1024.jpg 576w, https:\/\/gabrielveiz.com.br\/wp-content\/uploads\/2024\/07\/CE720BDF-BC45-4D87-8F42-3A2BC74521E0-768x1365.jpg 768w, https:\/\/gabrielveiz.com.br\/wp-content\/uploads\/2024\/07\/CE720BDF-BC45-4D87-8F42-3A2BC74521E0-864x1536.jpg 864w, https:\/\/gabrielveiz.com.br\/wp-content\/uploads\/2024\/07\/CE720BDF-BC45-4D87-8F42-3A2BC74521E0-1152x2048.jpg 1152w, https:\/\/gabrielveiz.com.br\/wp-content\/uploads\/2024\/07\/CE720BDF-BC45-4D87-8F42-3A2BC74521E0-600x1067.jpg 600w\" sizes=\"(max-width: 1440px) 100vw, 1440px\" \/><\/a>\n\t\t\t<\/div><\/figure><figure class='gallery-item'>\n\t\t\t<div class='gallery-icon landscape'>\n\t\t\t\t<a data-elementor-open-lightbox=\"yes\" data-elementor-lightbox-slideshow=\"b6198a1\" data-elementor-lightbox-title=\"Ilustra\u00e7\u00e3o Sem T\u00edtulo\" data-e-action-hash=\"#elementor-action%3Aaction%3Dlightbox%26settings%3DeyJpZCI6MTg2OSwidXJsIjoiaHR0cHM6XC9cL2dhYnJpZWx2ZWl6LmNvbS5iclwvd3AtY29udGVudFwvdXBsb2Fkc1wvMjAyNFwvMDdcL0lNR181NTUwLXNjYWxlZC5qcGciLCJzbGlkZXNob3ciOiJiNjE5OGExIn0%3D\" href='https:\/\/gabrielveiz.com.br\/wp-content\/uploads\/2024\/07\/IMG_5550-scaled.jpg'><img loading=\"lazy\" decoding=\"async\" width=\"2560\" height=\"1810\" src=\"https:\/\/gabrielveiz.com.br\/wp-content\/uploads\/2024\/07\/IMG_5550-scaled.jpg\" class=\"attachment-full size-full\" alt=\"\" srcset=\"https:\/\/gabrielveiz.com.br\/wp-content\/uploads\/2024\/07\/IMG_5550-scaled.jpg 2560w, https:\/\/gabrielveiz.com.br\/wp-content\/uploads\/2024\/07\/IMG_5550-300x212.jpg 300w, https:\/\/gabrielveiz.com.br\/wp-content\/uploads\/2024\/07\/IMG_5550-1024x724.jpg 1024w, https:\/\/gabrielveiz.com.br\/wp-content\/uploads\/2024\/07\/IMG_5550-768x543.jpg 768w, https:\/\/gabrielveiz.com.br\/wp-content\/uploads\/2024\/07\/IMG_5550-1536x1086.jpg 1536w, https:\/\/gabrielveiz.com.br\/wp-content\/uploads\/2024\/07\/IMG_5550-2048x1448.jpg 2048w, https:\/\/gabrielveiz.com.br\/wp-content\/uploads\/2024\/07\/IMG_5550-600x424.jpg 600w\" sizes=\"(max-width: 2560px) 100vw, 2560px\" \/><\/a>\n\t\t\t<\/div><\/figure><figure class='gallery-item'>\n\t\t\t<div class='gallery-icon landscape'>\n\t\t\t\t<a data-elementor-open-lightbox=\"yes\" data-elementor-lightbox-slideshow=\"b6198a1\" data-elementor-lightbox-title=\"Ilustra\u00e7\u00e3o Sem T\u00edtulo\" data-e-action-hash=\"#elementor-action%3Aaction%3Dlightbox%26settings%3DeyJpZCI6MTg3MCwidXJsIjoiaHR0cHM6XC9cL2dhYnJpZWx2ZWl6LmNvbS5iclwvd3AtY29udGVudFwvdXBsb2Fkc1wvMjAyNFwvMDdcL0lNR181NTUyLXNjYWxlZC5qcGciLCJzbGlkZXNob3ciOiJiNjE5OGExIn0%3D\" href='https:\/\/gabrielveiz.com.br\/wp-content\/uploads\/2024\/07\/IMG_5552-scaled.jpg'><img loading=\"lazy\" decoding=\"async\" width=\"2560\" height=\"1810\" src=\"https:\/\/gabrielveiz.com.br\/wp-content\/uploads\/2024\/07\/IMG_5552-scaled.jpg\" class=\"attachment-full size-full\" alt=\"\" srcset=\"https:\/\/gabrielveiz.com.br\/wp-content\/uploads\/2024\/07\/IMG_5552-scaled.jpg 2560w, https:\/\/gabrielveiz.com.br\/wp-content\/uploads\/2024\/07\/IMG_5552-300x212.jpg 300w, https:\/\/gabrielveiz.com.br\/wp-content\/uploads\/2024\/07\/IMG_5552-1024x724.jpg 1024w, https:\/\/gabrielveiz.com.br\/wp-content\/uploads\/2024\/07\/IMG_5552-768x543.jpg 768w, https:\/\/gabrielveiz.com.br\/wp-content\/uploads\/2024\/07\/IMG_5552-1536x1086.jpg 1536w, https:\/\/gabrielveiz.com.br\/wp-content\/uploads\/2024\/07\/IMG_5552-2048x1448.jpg 2048w, https:\/\/gabrielveiz.com.br\/wp-content\/uploads\/2024\/07\/IMG_5552-600x424.jpg 600w\" sizes=\"(max-width: 2560px) 100vw, 2560px\" \/><\/a>\n\t\t\t<\/div><\/figure><figure class='gallery-item'>\n\t\t\t<div class='gallery-icon landscape'>\n\t\t\t\t<a data-elementor-open-lightbox=\"yes\" data-elementor-lightbox-slideshow=\"b6198a1\" data-elementor-lightbox-title=\"Ilustrac\u0327a\u0303o_Sem_Ti\u0301tulo 2\" data-e-action-hash=\"#elementor-action%3Aaction%3Dlightbox%26settings%3DeyJpZCI6MTg2NiwidXJsIjoiaHR0cHM6XC9cL2dhYnJpZWx2ZWl6LmNvbS5iclwvd3AtY29udGVudFwvdXBsb2Fkc1wvMjAyNFwvMDdcL0lsdXN0cmFjYW9fU2VtX1RpdHVsby0yLTUtc2NhbGVkLmpwZyIsInNsaWRlc2hvdyI6ImI2MTk4YTEifQ%3D%3D\" href='https:\/\/gabrielveiz.com.br\/wp-content\/uploads\/2024\/07\/Ilustracao_Sem_Titulo-2-5-scaled.jpg'><img loading=\"lazy\" decoding=\"async\" width=\"2560\" height=\"1810\" src=\"https:\/\/gabrielveiz.com.br\/wp-content\/uploads\/2024\/07\/Ilustracao_Sem_Titulo-2-5-scaled.jpg\" class=\"attachment-full size-full\" alt=\"\" srcset=\"https:\/\/gabrielveiz.com.br\/wp-content\/uploads\/2024\/07\/Ilustracao_Sem_Titulo-2-5-scaled.jpg 2560w, https:\/\/gabrielveiz.com.br\/wp-content\/uploads\/2024\/07\/Ilustracao_Sem_Titulo-2-5-300x212.jpg 300w, https:\/\/gabrielveiz.com.br\/wp-content\/uploads\/2024\/07\/Ilustracao_Sem_Titulo-2-5-1024x724.jpg 1024w, https:\/\/gabrielveiz.com.br\/wp-content\/uploads\/2024\/07\/Ilustracao_Sem_Titulo-2-5-768x543.jpg 768w, https:\/\/gabrielveiz.com.br\/wp-content\/uploads\/2024\/07\/Ilustracao_Sem_Titulo-2-5-1536x1086.jpg 1536w, https:\/\/gabrielveiz.com.br\/wp-content\/uploads\/2024\/07\/Ilustracao_Sem_Titulo-2-5-2048x1448.jpg 2048w, https:\/\/gabrielveiz.com.br\/wp-content\/uploads\/2024\/07\/Ilustracao_Sem_Titulo-2-5-600x424.jpg 600w\" sizes=\"(max-width: 2560px) 100vw, 2560px\" \/><\/a>\n\t\t\t<\/div><\/figure><figure class='gallery-item'>\n\t\t\t<div class='gallery-icon landscape'>\n\t\t\t\t<a data-elementor-open-lightbox=\"yes\" data-elementor-lightbox-slideshow=\"b6198a1\" data-elementor-lightbox-title=\"Ilustrac\u0327a\u0303o_Sem_Ti\u0301tulo\" data-e-action-hash=\"#elementor-action%3Aaction%3Dlightbox%26settings%3DeyJpZCI6MTg2NywidXJsIjoiaHR0cHM6XC9cL2dhYnJpZWx2ZWl6LmNvbS5iclwvd3AtY29udGVudFwvdXBsb2Fkc1wvMjAyNFwvMDdcL0lsdXN0cmFjYW9fU2VtX1RpdHVsby0xMC1zY2FsZWQuanBnIiwic2xpZGVzaG93IjoiYjYxOThhMSJ9\" href='https:\/\/gabrielveiz.com.br\/wp-content\/uploads\/2024\/07\/Ilustracao_Sem_Titulo-10-scaled.jpg'><img loading=\"lazy\" decoding=\"async\" width=\"2560\" height=\"1810\" src=\"https:\/\/gabrielveiz.com.br\/wp-content\/uploads\/2024\/07\/Ilustracao_Sem_Titulo-10-scaled.jpg\" class=\"attachment-full size-full\" alt=\"\" srcset=\"https:\/\/gabrielveiz.com.br\/wp-content\/uploads\/2024\/07\/Ilustracao_Sem_Titulo-10-scaled.jpg 2560w, https:\/\/gabrielveiz.com.br\/wp-content\/uploads\/2024\/07\/Ilustracao_Sem_Titulo-10-300x212.jpg 300w, https:\/\/gabrielveiz.com.br\/wp-content\/uploads\/2024\/07\/Ilustracao_Sem_Titulo-10-1024x724.jpg 1024w, https:\/\/gabrielveiz.com.br\/wp-content\/uploads\/2024\/07\/Ilustracao_Sem_Titulo-10-768x543.jpg 768w, https:\/\/gabrielveiz.com.br\/wp-content\/uploads\/2024\/07\/Ilustracao_Sem_Titulo-10-1536x1086.jpg 1536w, https:\/\/gabrielveiz.com.br\/wp-content\/uploads\/2024\/07\/Ilustracao_Sem_Titulo-10-2048x1448.jpg 2048w, https:\/\/gabrielveiz.com.br\/wp-content\/uploads\/2024\/07\/Ilustracao_Sem_Titulo-10-600x424.jpg 600w\" sizes=\"(max-width: 2560px) 100vw, 2560px\" \/><\/a>\n\t\t\t<\/div><\/figure><figure class='gallery-item'>\n\t\t\t<div class='gallery-icon portrait'>\n\t\t\t\t<a data-elementor-open-lightbox=\"yes\" data-elementor-lightbox-slideshow=\"b6198a1\" data-elementor-lightbox-title=\"Ilustra\u00e7\u00e3o Sem T\u00edtulo\" data-e-action-hash=\"#elementor-action%3Aaction%3Dlightbox%26settings%3DeyJpZCI6MTg2OCwidXJsIjoiaHR0cHM6XC9cL2dhYnJpZWx2ZWl6LmNvbS5iclwvd3AtY29udGVudFwvdXBsb2Fkc1wvMjAyNFwvMDdcL0lNR180NDQxLXNjYWxlZC5qcGciLCJzbGlkZXNob3ciOiJiNjE5OGExIn0%3D\" href='https:\/\/gabrielveiz.com.br\/wp-content\/uploads\/2024\/07\/IMG_4441-scaled.jpg'><img loading=\"lazy\" decoding=\"async\" width=\"2167\" height=\"2560\" src=\"https:\/\/gabrielveiz.com.br\/wp-content\/uploads\/2024\/07\/IMG_4441-scaled.jpg\" class=\"attachment-full size-full\" alt=\"\" srcset=\"https:\/\/gabrielveiz.com.br\/wp-content\/uploads\/2024\/07\/IMG_4441-scaled.jpg 2167w, https:\/\/gabrielveiz.com.br\/wp-content\/uploads\/2024\/07\/IMG_4441-254x300.jpg 254w, https:\/\/gabrielveiz.com.br\/wp-content\/uploads\/2024\/07\/IMG_4441-867x1024.jpg 867w, https:\/\/gabrielveiz.com.br\/wp-content\/uploads\/2024\/07\/IMG_4441-768x907.jpg 768w, https:\/\/gabrielveiz.com.br\/wp-content\/uploads\/2024\/07\/IMG_4441-1300x1536.jpg 1300w, https:\/\/gabrielveiz.com.br\/wp-content\/uploads\/2024\/07\/IMG_4441-1734x2048.jpg 1734w, https:\/\/gabrielveiz.com.br\/wp-content\/uploads\/2024\/07\/IMG_4441-600x709.jpg 600w\" sizes=\"(max-width: 2167px) 100vw, 2167px\" \/><\/a>\n\t\t\t<\/div><\/figure><figure class='gallery-item'>\n\t\t\t<div class='gallery-icon portrait'>\n\t\t\t\t<a data-elementor-open-lightbox=\"yes\" data-elementor-lightbox-slideshow=\"b6198a1\" data-elementor-lightbox-title=\"2e6dac79-ef2c-4346-b3ae-afecb285feed\" data-e-action-hash=\"#elementor-action%3Aaction%3Dlightbox%26settings%3DeyJpZCI6MTg2MCwidXJsIjoiaHR0cHM6XC9cL2dhYnJpZWx2ZWl6LmNvbS5iclwvd3AtY29udGVudFwvdXBsb2Fkc1wvMjAyNFwvMDdcLzJlNmRhYzc5LWVmMmMtNDM0Ni1iM2FlLWFmZWNiMjg1ZmVlZC5qcGciLCJzbGlkZXNob3ciOiJiNjE5OGExIn0%3D\" href='https:\/\/gabrielveiz.com.br\/wp-content\/uploads\/2024\/07\/2e6dac79-ef2c-4346-b3ae-afecb285feed.jpg'><img loading=\"lazy\" decoding=\"async\" width=\"1392\" height=\"2048\" src=\"https:\/\/gabrielveiz.com.br\/wp-content\/uploads\/2024\/07\/2e6dac79-ef2c-4346-b3ae-afecb285feed.jpg\" class=\"attachment-full size-full\" alt=\"\" srcset=\"https:\/\/gabrielveiz.com.br\/wp-content\/uploads\/2024\/07\/2e6dac79-ef2c-4346-b3ae-afecb285feed.jpg 1392w, https:\/\/gabrielveiz.com.br\/wp-content\/uploads\/2024\/07\/2e6dac79-ef2c-4346-b3ae-afecb285feed-204x300.jpg 204w, https:\/\/gabrielveiz.com.br\/wp-content\/uploads\/2024\/07\/2e6dac79-ef2c-4346-b3ae-afecb285feed-696x1024.jpg 696w, https:\/\/gabrielveiz.com.br\/wp-content\/uploads\/2024\/07\/2e6dac79-ef2c-4346-b3ae-afecb285feed-768x1130.jpg 768w, https:\/\/gabrielveiz.com.br\/wp-content\/uploads\/2024\/07\/2e6dac79-ef2c-4346-b3ae-afecb285feed-1044x1536.jpg 1044w, https:\/\/gabrielveiz.com.br\/wp-content\/uploads\/2024\/07\/2e6dac79-ef2c-4346-b3ae-afecb285feed-600x883.jpg 600w\" sizes=\"(max-width: 1392px) 100vw, 1392px\" \/><\/a>\n\t\t\t<\/div><\/figure>\n\t\t<\/div>\n\t\t<\/div>\n\t\t\t\t\t\t<\/div>\n\t\t\t\t<\/div>\n\t\t\t\t<div class=\"elementor-element elementor-element-1b31f92 elementor-widget-divider--view-line elementor-widget elementor-widget-divider\" data-id=\"1b31f92\" data-element_type=\"widget\" data-e-type=\"widget\" data-widget_type=\"divider.default\">\n\t\t\t\t<div class=\"elementor-widget-container\">\n\t\t\t\t\t\t\t<div class=\"elementor-divider\">\n\t\t\t<span class=\"elementor-divider-separator\">\n\t\t\t\t\t\t<\/span>\n\t\t<\/div>\n\t\t\t\t\t\t<\/div>\n\t\t\t\t<\/div>\n\t\t\t\t\t<\/div>\n\t\t<\/div>\n\t\t\t\t\t<\/div>\n\t\t<\/section>\n\t\t\t\t<\/div>\n\t\t","protected":false},"excerpt":{"rendered":"<p>Nest<\/p>\n","protected":false},"author":1,"featured_media":0,"parent":0,"menu_order":0,"comment_status":"closed","ping_status":"closed","template":"elementor_header_footer","meta":{"footnotes":""},"class_list":["post-1829","page","type-page","status-publish","hentry"],"_links":{"self":[{"href":"https:\/\/gabrielveiz.com.br\/index.php\/wp-json\/wp\/v2\/pages\/1829","targetHints":{"allow":["GET"]}}],"collection":[{"href":"https:\/\/gabrielveiz.com.br\/index.php\/wp-json\/wp\/v2\/pages"}],"about":[{"href":"https:\/\/gabrielveiz.com.br\/index.php\/wp-json\/wp\/v2\/types\/page"}],"author":[{"embeddable":true,"href":"https:\/\/gabrielveiz.com.br\/index.php\/wp-json\/wp\/v2\/users\/1"}],"replies":[{"embeddable":true,"href":"https:\/\/gabrielveiz.com.br\/index.php\/wp-json\/wp\/v2\/comments?post=1829"}],"version-history":[{"count":18,"href":"https:\/\/gabrielveiz.com.br\/index.php\/wp-json\/wp\/v2\/pages\/1829\/revisions"}],"predecessor-version":[{"id":2058,"href":"https:\/\/gabrielveiz.com.br\/index.php\/wp-json\/wp\/v2\/pages\/1829\/revisions\/2058"}],"wp:attachment":[{"href":"https:\/\/gabrielveiz.com.br\/index.php\/wp-json\/wp\/v2\/media?parent=1829"}],"curies":[{"name":"wp","href":"https:\/\/api.w.org\/{rel}","templated":true}]}}