{"id":1766,"date":"2024-07-18T14:33:00","date_gmt":"2024-07-18T14:33:00","guid":{"rendered":"https:\/\/gabrielveiz.com.br\/?page_id=1766"},"modified":"2024-07-18T19:38:44","modified_gmt":"2024-07-18T19:38:44","slug":"ilustras_09gebras","status":"publish","type":"page","link":"https:\/\/gabrielveiz.com.br\/index.php\/ilustras_09gebras\/","title":{"rendered":"ilustras_09Gebras"},"content":{"rendered":"\t\t<div data-elementor-type=\"wp-page\" data-elementor-id=\"1766\" class=\"elementor elementor-1766\">\n\t\t\t\t\t\t<section class=\"elementor-section elementor-top-section elementor-element elementor-element-7b306f3 elementor-section-full_width elementor-section-height-min-height elementor-section-height-default elementor-section-items-middle\" data-id=\"7b306f3\" data-element_type=\"section\" data-e-type=\"section\" data-settings=\"{&quot;background_background&quot;:&quot;classic&quot;}\">\n\t\t\t\t\t\t\t<div class=\"elementor-background-overlay\"><\/div>\n\t\t\t\t\t\t\t<div class=\"elementor-container elementor-column-gap-no\">\n\t\t\t\t\t<div class=\"elementor-column elementor-col-100 elementor-top-column elementor-element elementor-element-8420f3a\" data-id=\"8420f3a\" data-element_type=\"column\" data-e-type=\"column\">\n\t\t\t<div class=\"elementor-widget-wrap elementor-element-populated\">\n\t\t\t\t\t\t<div class=\"elementor-element elementor-element-535d693 elementor-invisible elementor-widget elementor-widget-image\" data-id=\"535d693\" data-element_type=\"widget\" data-e-type=\"widget\" data-settings=\"{&quot;_animation&quot;:&quot;fadeInDown&quot;}\" data-widget_type=\"image.default\">\n\t\t\t\t<div class=\"elementor-widget-container\">\n\t\t\t\t\t\t\t\t\t\t\t\t\t\t\t<img fetchpriority=\"high\" decoding=\"async\" width=\"300\" height=\"230\" src=\"https:\/\/gabrielveiz.com.br\/wp-content\/uploads\/2023\/02\/logo_veiznovo_pq.png\" class=\"attachment-large size-large wp-image-358\" alt=\"\" \/>\t\t\t\t\t\t\t\t\t\t\t\t\t\t\t<\/div>\n\t\t\t\t<\/div>\n\t\t\t\t\t<\/div>\n\t\t<\/div>\n\t\t\t\t\t<\/div>\n\t\t<\/section>\n\t\t\t\t<section class=\"elementor-section elementor-top-section elementor-element elementor-element-f481910 elementor-section-boxed elementor-section-height-default elementor-section-height-default\" data-id=\"f481910\" data-element_type=\"section\" data-e-type=\"section\" data-settings=\"{&quot;background_background&quot;:&quot;classic&quot;}\">\n\t\t\t\t\t\t<div class=\"elementor-container elementor-column-gap-default\">\n\t\t\t\t\t<div class=\"elementor-column elementor-col-100 elementor-top-column elementor-element elementor-element-83f772f\" data-id=\"83f772f\" data-element_type=\"column\" data-e-type=\"column\" data-settings=\"{&quot;background_background&quot;:&quot;classic&quot;}\">\n\t\t\t<div class=\"elementor-widget-wrap elementor-element-populated\">\n\t\t\t\t\t\t<div class=\"elementor-element elementor-element-31b7012 elementor-widget elementor-widget-heading\" data-id=\"31b7012\" data-element_type=\"widget\" data-e-type=\"widget\" data-widget_type=\"heading.default\">\n\t\t\t\t<div class=\"elementor-widget-container\">\n\t\t\t\t\t<h2 class=\"elementor-heading-title elementor-size-default\">Gebras<\/h2>\t\t\t\t<\/div>\n\t\t\t\t<\/div>\n\t\t\t\t<div class=\"elementor-element elementor-element-b6198a1 gallery-spacing-custom elementor-widget elementor-widget-image-gallery\" data-id=\"b6198a1\" data-element_type=\"widget\" data-e-type=\"widget\" data-widget_type=\"image-gallery.default\">\n\t\t\t\t<div class=\"elementor-widget-container\">\n\t\t\t\t\t\t\t<div class=\"elementor-image-gallery\">\n\t\t\t<div id='gallery-1' class='gallery galleryid-1766 gallery-columns-2 gallery-size-full'><figure class='gallery-item'>\n\t\t\t<div class='gallery-icon landscape'>\n\t\t\t\t<a data-elementor-open-lightbox=\"yes\" data-elementor-lightbox-slideshow=\"b6198a1\" data-elementor-lightbox-title=\"Ilustra\u00e7\u00e3o Sem T\u00edtulo\" data-e-action-hash=\"#elementor-action%3Aaction%3Dlightbox%26settings%3DeyJpZCI6MTc2OSwidXJsIjoiaHR0cHM6XC9cL2dhYnJpZWx2ZWl6LmNvbS5iclwvd3AtY29udGVudFwvdXBsb2Fkc1wvMjAyNFwvMDdcL0lNR180OTc5LXNjYWxlZC5qcGciLCJzbGlkZXNob3ciOiJiNjE5OGExIn0%3D\" href='https:\/\/gabrielveiz.com.br\/wp-content\/uploads\/2024\/07\/IMG_4979-scaled.jpg'><img decoding=\"async\" width=\"2560\" height=\"2133\" src=\"https:\/\/gabrielveiz.com.br\/wp-content\/uploads\/2024\/07\/IMG_4979-scaled.jpg\" class=\"attachment-full size-full\" alt=\"\" srcset=\"https:\/\/gabrielveiz.com.br\/wp-content\/uploads\/2024\/07\/IMG_4979-scaled.jpg 2560w, https:\/\/gabrielveiz.com.br\/wp-content\/uploads\/2024\/07\/IMG_4979-300x250.jpg 300w, https:\/\/gabrielveiz.com.br\/wp-content\/uploads\/2024\/07\/IMG_4979-1024x853.jpg 1024w, https:\/\/gabrielveiz.com.br\/wp-content\/uploads\/2024\/07\/IMG_4979-768x640.jpg 768w, https:\/\/gabrielveiz.com.br\/wp-content\/uploads\/2024\/07\/IMG_4979-1536x1280.jpg 1536w, https:\/\/gabrielveiz.com.br\/wp-content\/uploads\/2024\/07\/IMG_4979-2048x1706.jpg 2048w, https:\/\/gabrielveiz.com.br\/wp-content\/uploads\/2024\/07\/IMG_4979-600x500.jpg 600w\" sizes=\"(max-width: 2560px) 100vw, 2560px\" \/><\/a>\n\t\t\t<\/div><\/figure><figure class='gallery-item'>\n\t\t\t<div class='gallery-icon landscape'>\n\t\t\t\t<a data-elementor-open-lightbox=\"yes\" data-elementor-lightbox-slideshow=\"b6198a1\" data-elementor-lightbox-title=\"Ilustra\u00e7\u00e3o Sem T\u00edtulo\" data-e-action-hash=\"#elementor-action%3Aaction%3Dlightbox%26settings%3DeyJpZCI6MTc3MSwidXJsIjoiaHR0cHM6XC9cL2dhYnJpZWx2ZWl6LmNvbS5iclwvd3AtY29udGVudFwvdXBsb2Fkc1wvMjAyNFwvMDdcL0lNR180OTgxLXNjYWxlZC5qcGciLCJzbGlkZXNob3ciOiJiNjE5OGExIn0%3D\" href='https:\/\/gabrielveiz.com.br\/wp-content\/uploads\/2024\/07\/IMG_4981-scaled.jpg'><img decoding=\"async\" width=\"2560\" height=\"2133\" src=\"https:\/\/gabrielveiz.com.br\/wp-content\/uploads\/2024\/07\/IMG_4981-scaled.jpg\" class=\"attachment-full size-full\" alt=\"\" srcset=\"https:\/\/gabrielveiz.com.br\/wp-content\/uploads\/2024\/07\/IMG_4981-scaled.jpg 2560w, https:\/\/gabrielveiz.com.br\/wp-content\/uploads\/2024\/07\/IMG_4981-300x250.jpg 300w, https:\/\/gabrielveiz.com.br\/wp-content\/uploads\/2024\/07\/IMG_4981-1024x853.jpg 1024w, https:\/\/gabrielveiz.com.br\/wp-content\/uploads\/2024\/07\/IMG_4981-768x640.jpg 768w, https:\/\/gabrielveiz.com.br\/wp-content\/uploads\/2024\/07\/IMG_4981-1536x1280.jpg 1536w, https:\/\/gabrielveiz.com.br\/wp-content\/uploads\/2024\/07\/IMG_4981-2048x1706.jpg 2048w, https:\/\/gabrielveiz.com.br\/wp-content\/uploads\/2024\/07\/IMG_4981-600x500.jpg 600w\" sizes=\"(max-width: 2560px) 100vw, 2560px\" \/><\/a>\n\t\t\t<\/div><\/figure><figure class='gallery-item'>\n\t\t\t<div class='gallery-icon landscape'>\n\t\t\t\t<a data-elementor-open-lightbox=\"yes\" data-elementor-lightbox-slideshow=\"b6198a1\" data-elementor-lightbox-title=\"Ilustra\u00e7\u00e3o Sem T\u00edtulo\" data-e-action-hash=\"#elementor-action%3Aaction%3Dlightbox%26settings%3DeyJpZCI6MTc2NywidXJsIjoiaHR0cHM6XC9cL2dhYnJpZWx2ZWl6LmNvbS5iclwvd3AtY29udGVudFwvdXBsb2Fkc1wvMjAyNFwvMDdcL0lNR180OTc4LXNjYWxlZC5qcGciLCJzbGlkZXNob3ciOiJiNjE5OGExIn0%3D\" href='https:\/\/gabrielveiz.com.br\/wp-content\/uploads\/2024\/07\/IMG_4978-scaled.jpg'><img loading=\"lazy\" decoding=\"async\" width=\"2560\" height=\"2133\" src=\"https:\/\/gabrielveiz.com.br\/wp-content\/uploads\/2024\/07\/IMG_4978-scaled.jpg\" class=\"attachment-full size-full\" alt=\"\" srcset=\"https:\/\/gabrielveiz.com.br\/wp-content\/uploads\/2024\/07\/IMG_4978-scaled.jpg 2560w, https:\/\/gabrielveiz.com.br\/wp-content\/uploads\/2024\/07\/IMG_4978-300x250.jpg 300w, https:\/\/gabrielveiz.com.br\/wp-content\/uploads\/2024\/07\/IMG_4978-1024x853.jpg 1024w, https:\/\/gabrielveiz.com.br\/wp-content\/uploads\/2024\/07\/IMG_4978-768x640.jpg 768w, https:\/\/gabrielveiz.com.br\/wp-content\/uploads\/2024\/07\/IMG_4978-1536x1280.jpg 1536w, https:\/\/gabrielveiz.com.br\/wp-content\/uploads\/2024\/07\/IMG_4978-2048x1706.jpg 2048w, https:\/\/gabrielveiz.com.br\/wp-content\/uploads\/2024\/07\/IMG_4978-600x500.jpg 600w\" sizes=\"(max-width: 2560px) 100vw, 2560px\" \/><\/a>\n\t\t\t<\/div><\/figure><figure class='gallery-item'>\n\t\t\t<div class='gallery-icon landscape'>\n\t\t\t\t<a data-elementor-open-lightbox=\"yes\" data-elementor-lightbox-slideshow=\"b6198a1\" data-elementor-lightbox-title=\"Ilustra\u00e7\u00e3o Sem T\u00edtulo\" data-e-action-hash=\"#elementor-action%3Aaction%3Dlightbox%26settings%3DeyJpZCI6MTc2NSwidXJsIjoiaHR0cHM6XC9cL2dhYnJpZWx2ZWl6LmNvbS5iclwvd3AtY29udGVudFwvdXBsb2Fkc1wvMjAyNFwvMDdcL0lNR180OTc3LXNjYWxlZC5qcGciLCJzbGlkZXNob3ciOiJiNjE5OGExIn0%3D\" href='https:\/\/gabrielveiz.com.br\/wp-content\/uploads\/2024\/07\/IMG_4977-scaled.jpg'><img loading=\"lazy\" decoding=\"async\" width=\"2560\" height=\"2133\" src=\"https:\/\/gabrielveiz.com.br\/wp-content\/uploads\/2024\/07\/IMG_4977-scaled.jpg\" class=\"attachment-full size-full\" alt=\"\" srcset=\"https:\/\/gabrielveiz.com.br\/wp-content\/uploads\/2024\/07\/IMG_4977-scaled.jpg 2560w, https:\/\/gabrielveiz.com.br\/wp-content\/uploads\/2024\/07\/IMG_4977-300x250.jpg 300w, https:\/\/gabrielveiz.com.br\/wp-content\/uploads\/2024\/07\/IMG_4977-1024x853.jpg 1024w, https:\/\/gabrielveiz.com.br\/wp-content\/uploads\/2024\/07\/IMG_4977-768x640.jpg 768w, https:\/\/gabrielveiz.com.br\/wp-content\/uploads\/2024\/07\/IMG_4977-1536x1280.jpg 1536w, https:\/\/gabrielveiz.com.br\/wp-content\/uploads\/2024\/07\/IMG_4977-2048x1706.jpg 2048w, https:\/\/gabrielveiz.com.br\/wp-content\/uploads\/2024\/07\/IMG_4977-600x500.jpg 600w\" sizes=\"(max-width: 2560px) 100vw, 2560px\" \/><\/a>\n\t\t\t<\/div><\/figure><figure class='gallery-item'>\n\t\t\t<div class='gallery-icon landscape'>\n\t\t\t\t<a data-elementor-open-lightbox=\"yes\" data-elementor-lightbox-slideshow=\"b6198a1\" data-elementor-lightbox-title=\"Ilustra\u00e7\u00e3o Sem T\u00edtulo\" data-e-action-hash=\"#elementor-action%3Aaction%3Dlightbox%26settings%3DeyJpZCI6MTc3MCwidXJsIjoiaHR0cHM6XC9cL2dhYnJpZWx2ZWl6LmNvbS5iclwvd3AtY29udGVudFwvdXBsb2Fkc1wvMjAyNFwvMDdcL0lNR180OTgwLXNjYWxlZC5qcGciLCJzbGlkZXNob3ciOiJiNjE5OGExIn0%3D\" href='https:\/\/gabrielveiz.com.br\/wp-content\/uploads\/2024\/07\/IMG_4980-scaled.jpg'><img loading=\"lazy\" decoding=\"async\" width=\"2560\" height=\"2133\" src=\"https:\/\/gabrielveiz.com.br\/wp-content\/uploads\/2024\/07\/IMG_4980-scaled.jpg\" class=\"attachment-full size-full\" alt=\"\" srcset=\"https:\/\/gabrielveiz.com.br\/wp-content\/uploads\/2024\/07\/IMG_4980-scaled.jpg 2560w, https:\/\/gabrielveiz.com.br\/wp-content\/uploads\/2024\/07\/IMG_4980-300x250.jpg 300w, https:\/\/gabrielveiz.com.br\/wp-content\/uploads\/2024\/07\/IMG_4980-1024x853.jpg 1024w, https:\/\/gabrielveiz.com.br\/wp-content\/uploads\/2024\/07\/IMG_4980-768x640.jpg 768w, https:\/\/gabrielveiz.com.br\/wp-content\/uploads\/2024\/07\/IMG_4980-1536x1280.jpg 1536w, https:\/\/gabrielveiz.com.br\/wp-content\/uploads\/2024\/07\/IMG_4980-2048x1706.jpg 2048w, https:\/\/gabrielveiz.com.br\/wp-content\/uploads\/2024\/07\/IMG_4980-600x500.jpg 600w\" sizes=\"(max-width: 2560px) 100vw, 2560px\" \/><\/a>\n\t\t\t<\/div><\/figure><figure class='gallery-item'>\n\t\t\t<div class='gallery-icon portrait'>\n\t\t\t\t<a data-elementor-open-lightbox=\"yes\" data-elementor-lightbox-slideshow=\"b6198a1\" data-elementor-lightbox-title=\"Ilustra\u00e7\u00e3o Sem T\u00edtulo\" data-e-action-hash=\"#elementor-action%3Aaction%3Dlightbox%26settings%3DeyJpZCI6MTc2NCwidXJsIjoiaHR0cHM6XC9cL2dhYnJpZWx2ZWl6LmNvbS5iclwvd3AtY29udGVudFwvdXBsb2Fkc1wvMjAyNFwvMDdcL0lNR180OTcwLXNjYWxlZC5qcGciLCJzbGlkZXNob3ciOiJiNjE5OGExIn0%3D\" href='https:\/\/gabrielveiz.com.br\/wp-content\/uploads\/2024\/07\/IMG_4970-scaled.jpg'><img loading=\"lazy\" decoding=\"async\" width=\"1842\" height=\"2560\" src=\"https:\/\/gabrielveiz.com.br\/wp-content\/uploads\/2024\/07\/IMG_4970-scaled.jpg\" class=\"attachment-full size-full\" alt=\"\" srcset=\"https:\/\/gabrielveiz.com.br\/wp-content\/uploads\/2024\/07\/IMG_4970-scaled.jpg 1842w, https:\/\/gabrielveiz.com.br\/wp-content\/uploads\/2024\/07\/IMG_4970-216x300.jpg 216w, https:\/\/gabrielveiz.com.br\/wp-content\/uploads\/2024\/07\/IMG_4970-737x1024.jpg 737w, https:\/\/gabrielveiz.com.br\/wp-content\/uploads\/2024\/07\/IMG_4970-768x1068.jpg 768w, https:\/\/gabrielveiz.com.br\/wp-content\/uploads\/2024\/07\/IMG_4970-1105x1536.jpg 1105w, https:\/\/gabrielveiz.com.br\/wp-content\/uploads\/2024\/07\/IMG_4970-1473x2048.jpg 1473w, https:\/\/gabrielveiz.com.br\/wp-content\/uploads\/2024\/07\/IMG_4970-600x834.jpg 600w\" sizes=\"(max-width: 1842px) 100vw, 1842px\" \/><\/a>\n\t\t\t<\/div><\/figure>\n\t\t<\/div>\n\t\t<\/div>\n\t\t\t\t\t\t<\/div>\n\t\t\t\t<\/div>\n\t\t\t\t<div class=\"elementor-element elementor-element-1b31f92 elementor-widget-divider--view-line elementor-widget elementor-widget-divider\" data-id=\"1b31f92\" data-element_type=\"widget\" data-e-type=\"widget\" data-widget_type=\"divider.default\">\n\t\t\t\t<div class=\"elementor-widget-container\">\n\t\t\t\t\t\t\t<div class=\"elementor-divider\">\n\t\t\t<span class=\"elementor-divider-separator\">\n\t\t\t\t\t\t<\/span>\n\t\t<\/div>\n\t\t\t\t\t\t<\/div>\n\t\t\t\t<\/div>\n\t\t\t\t\t<\/div>\n\t\t<\/div>\n\t\t\t\t\t<\/div>\n\t\t<\/section>\n\t\t\t\t<\/div>\n\t\t","protected":false},"excerpt":{"rendered":"<p>Gebras<\/p>\n","protected":false},"author":1,"featured_media":0,"parent":0,"menu_order":0,"comment_status":"closed","ping_status":"closed","template":"elementor_header_footer","meta":{"footnotes":""},"class_list":["post-1766","page","type-page","status-publish","hentry"],"_links":{"self":[{"href":"https:\/\/gabrielveiz.com.br\/index.php\/wp-json\/wp\/v2\/pages\/1766","targetHints":{"allow":["GET"]}}],"collection":[{"href":"https:\/\/gabrielveiz.com.br\/index.php\/wp-json\/wp\/v2\/pages"}],"about":[{"href":"https:\/\/gabrielveiz.com.br\/index.php\/wp-json\/wp\/v2\/types\/page"}],"author":[{"embeddable":true,"href":"https:\/\/gabrielveiz.com.br\/index.php\/wp-json\/wp\/v2\/users\/1"}],"replies":[{"embeddable":true,"href":"https:\/\/gabrielveiz.com.br\/index.php\/wp-json\/wp\/v2\/comments?post=1766"}],"version-history":[{"count":7,"href":"https:\/\/gabrielveiz.com.br\/index.php\/wp-json\/wp\/v2\/pages\/1766\/revisions"}],"predecessor-version":[{"id":2067,"href":"https:\/\/gabrielveiz.com.br\/index.php\/wp-json\/wp\/v2\/pages\/1766\/revisions\/2067"}],"wp:attachment":[{"href":"https:\/\/gabrielveiz.com.br\/index.php\/wp-json\/wp\/v2\/media?parent=1766"}],"curies":[{"name":"wp","href":"https:\/\/api.w.org\/{rel}","templated":true}]}}