{"id":1718,"date":"2024-07-18T14:02:42","date_gmt":"2024-07-18T14:02:42","guid":{"rendered":"https:\/\/gabrielveiz.com.br\/?page_id=1718"},"modified":"2024-07-18T19:39:06","modified_gmt":"2024-07-18T19:39:06","slug":"ilustras_06_dojo","status":"publish","type":"page","link":"https:\/\/gabrielveiz.com.br\/index.php\/ilustras_06_dojo\/","title":{"rendered":"ilustras_06_dojo"},"content":{"rendered":"\t\t<div data-elementor-type=\"wp-page\" data-elementor-id=\"1718\" class=\"elementor elementor-1718\">\n\t\t\t\t\t\t<section class=\"elementor-section elementor-top-section elementor-element elementor-element-7b306f3 elementor-section-full_width elementor-section-height-min-height elementor-section-height-default elementor-section-items-middle\" data-id=\"7b306f3\" data-element_type=\"section\" data-e-type=\"section\" data-settings=\"{&quot;background_background&quot;:&quot;classic&quot;}\">\n\t\t\t\t\t\t\t<div class=\"elementor-background-overlay\"><\/div>\n\t\t\t\t\t\t\t<div class=\"elementor-container elementor-column-gap-no\">\n\t\t\t\t\t<div class=\"elementor-column elementor-col-100 elementor-top-column elementor-element elementor-element-8420f3a\" data-id=\"8420f3a\" data-element_type=\"column\" data-e-type=\"column\">\n\t\t\t<div class=\"elementor-widget-wrap elementor-element-populated\">\n\t\t\t\t\t\t<div class=\"elementor-element elementor-element-535d693 elementor-invisible elementor-widget elementor-widget-image\" data-id=\"535d693\" data-element_type=\"widget\" data-e-type=\"widget\" data-settings=\"{&quot;_animation&quot;:&quot;fadeInDown&quot;}\" data-widget_type=\"image.default\">\n\t\t\t\t<div class=\"elementor-widget-container\">\n\t\t\t\t\t\t\t\t\t\t\t\t\t\t\t<img fetchpriority=\"high\" decoding=\"async\" width=\"300\" height=\"230\" src=\"https:\/\/gabrielveiz.com.br\/wp-content\/uploads\/2023\/02\/logo_veiznovo_pq.png\" class=\"attachment-large size-large wp-image-358\" alt=\"\" \/>\t\t\t\t\t\t\t\t\t\t\t\t\t\t\t<\/div>\n\t\t\t\t<\/div>\n\t\t\t\t\t<\/div>\n\t\t<\/div>\n\t\t\t\t\t<\/div>\n\t\t<\/section>\n\t\t\t\t<section class=\"elementor-section elementor-top-section elementor-element elementor-element-f481910 elementor-section-boxed elementor-section-height-default elementor-section-height-default\" data-id=\"f481910\" data-element_type=\"section\" data-e-type=\"section\" data-settings=\"{&quot;background_background&quot;:&quot;classic&quot;}\">\n\t\t\t\t\t\t<div class=\"elementor-container elementor-column-gap-default\">\n\t\t\t\t\t<div class=\"elementor-column elementor-col-100 elementor-top-column elementor-element elementor-element-83f772f\" data-id=\"83f772f\" data-element_type=\"column\" data-e-type=\"column\" data-settings=\"{&quot;background_background&quot;:&quot;classic&quot;}\">\n\t\t\t<div class=\"elementor-widget-wrap elementor-element-populated\">\n\t\t\t\t\t\t<div class=\"elementor-element elementor-element-31b7012 elementor-widget elementor-widget-heading\" data-id=\"31b7012\" data-element_type=\"widget\" data-e-type=\"widget\" data-widget_type=\"heading.default\">\n\t\t\t\t<div class=\"elementor-widget-container\">\n\t\t\t\t\t<h2 class=\"elementor-heading-title elementor-size-default\">Dojo jiu-ji\u0301tsu <\/h2>\t\t\t\t<\/div>\n\t\t\t\t<\/div>\n\t\t\t\t<div class=\"elementor-element elementor-element-b6198a1 gallery-spacing-custom elementor-widget elementor-widget-image-gallery\" data-id=\"b6198a1\" data-element_type=\"widget\" data-e-type=\"widget\" data-widget_type=\"image-gallery.default\">\n\t\t\t\t<div class=\"elementor-widget-container\">\n\t\t\t\t\t\t\t<div class=\"elementor-image-gallery\">\n\t\t\t<div id='gallery-1' class='gallery galleryid-1718 gallery-columns-2 gallery-size-full'><figure class='gallery-item'>\n\t\t\t<div class='gallery-icon portrait'>\n\t\t\t\t<a data-elementor-open-lightbox=\"yes\" data-elementor-lightbox-slideshow=\"b6198a1\" data-elementor-lightbox-title=\"IMG_5436\" data-e-action-hash=\"#elementor-action%3Aaction%3Dlightbox%26settings%3DeyJpZCI6MTcyNCwidXJsIjoiaHR0cHM6XC9cL2dhYnJpZWx2ZWl6LmNvbS5iclwvd3AtY29udGVudFwvdXBsb2Fkc1wvMjAyNFwvMDdcL0lNR181NDM2LnBuZyIsInNsaWRlc2hvdyI6ImI2MTk4YTEifQ%3D%3D\" href='https:\/\/gabrielveiz.com.br\/wp-content\/uploads\/2024\/07\/IMG_5436.png'><img decoding=\"async\" width=\"742\" height=\"1607\" src=\"https:\/\/gabrielveiz.com.br\/wp-content\/uploads\/2024\/07\/IMG_5436.png\" class=\"attachment-full size-full\" alt=\"\" srcset=\"https:\/\/gabrielveiz.com.br\/wp-content\/uploads\/2024\/07\/IMG_5436.png 742w, https:\/\/gabrielveiz.com.br\/wp-content\/uploads\/2024\/07\/IMG_5436-139x300.png 139w, https:\/\/gabrielveiz.com.br\/wp-content\/uploads\/2024\/07\/IMG_5436-473x1024.png 473w, https:\/\/gabrielveiz.com.br\/wp-content\/uploads\/2024\/07\/IMG_5436-709x1536.png 709w, https:\/\/gabrielveiz.com.br\/wp-content\/uploads\/2024\/07\/IMG_5436-600x1299.png 600w\" sizes=\"(max-width: 742px) 100vw, 742px\" \/><\/a>\n\t\t\t<\/div><\/figure><figure class='gallery-item'>\n\t\t\t<div class='gallery-icon portrait'>\n\t\t\t\t<a data-elementor-open-lightbox=\"yes\" data-elementor-lightbox-slideshow=\"b6198a1\" data-elementor-lightbox-title=\"Ilustra\u00e7\u00e3o Sem T\u00edtulo\" data-e-action-hash=\"#elementor-action%3Aaction%3Dlightbox%26settings%3DeyJpZCI6MTcyMywidXJsIjoiaHR0cHM6XC9cL2dhYnJpZWx2ZWl6LmNvbS5iclwvd3AtY29udGVudFwvdXBsb2Fkc1wvMjAyNFwvMDdcL0lNR181NDM1LXNjYWxlZC5qcGciLCJzbGlkZXNob3ciOiJiNjE5OGExIn0%3D\" href='https:\/\/gabrielveiz.com.br\/wp-content\/uploads\/2024\/07\/IMG_5435-scaled.jpg'><img decoding=\"async\" width=\"1810\" height=\"2560\" src=\"https:\/\/gabrielveiz.com.br\/wp-content\/uploads\/2024\/07\/IMG_5435-scaled.jpg\" class=\"attachment-full size-full\" alt=\"\" srcset=\"https:\/\/gabrielveiz.com.br\/wp-content\/uploads\/2024\/07\/IMG_5435-scaled.jpg 1810w, https:\/\/gabrielveiz.com.br\/wp-content\/uploads\/2024\/07\/IMG_5435-212x300.jpg 212w, https:\/\/gabrielveiz.com.br\/wp-content\/uploads\/2024\/07\/IMG_5435-724x1024.jpg 724w, https:\/\/gabrielveiz.com.br\/wp-content\/uploads\/2024\/07\/IMG_5435-768x1086.jpg 768w, https:\/\/gabrielveiz.com.br\/wp-content\/uploads\/2024\/07\/IMG_5435-1086x1536.jpg 1086w, https:\/\/gabrielveiz.com.br\/wp-content\/uploads\/2024\/07\/IMG_5435-1448x2048.jpg 1448w, https:\/\/gabrielveiz.com.br\/wp-content\/uploads\/2024\/07\/IMG_5435-600x849.jpg 600w\" sizes=\"(max-width: 1810px) 100vw, 1810px\" \/><\/a>\n\t\t\t<\/div><\/figure><figure class='gallery-item'>\n\t\t\t<div class='gallery-icon portrait'>\n\t\t\t\t<a data-elementor-open-lightbox=\"yes\" data-elementor-lightbox-slideshow=\"b6198a1\" data-elementor-lightbox-title=\"IMG_5426\" data-e-action-hash=\"#elementor-action%3Aaction%3Dlightbox%26settings%3DeyJpZCI6MTcyMSwidXJsIjoiaHR0cHM6XC9cL2dhYnJpZWx2ZWl6LmNvbS5iclwvd3AtY29udGVudFwvdXBsb2Fkc1wvMjAyNFwvMDdcL0lNR181NDI2LnBuZyIsInNsaWRlc2hvdyI6ImI2MTk4YTEifQ%3D%3D\" href='https:\/\/gabrielveiz.com.br\/wp-content\/uploads\/2024\/07\/IMG_5426.png'><img loading=\"lazy\" decoding=\"async\" width=\"1098\" height=\"1749\" src=\"https:\/\/gabrielveiz.com.br\/wp-content\/uploads\/2024\/07\/IMG_5426.png\" class=\"attachment-full size-full\" alt=\"\" srcset=\"https:\/\/gabrielveiz.com.br\/wp-content\/uploads\/2024\/07\/IMG_5426.png 1098w, https:\/\/gabrielveiz.com.br\/wp-content\/uploads\/2024\/07\/IMG_5426-188x300.png 188w, https:\/\/gabrielveiz.com.br\/wp-content\/uploads\/2024\/07\/IMG_5426-643x1024.png 643w, https:\/\/gabrielveiz.com.br\/wp-content\/uploads\/2024\/07\/IMG_5426-768x1223.png 768w, https:\/\/gabrielveiz.com.br\/wp-content\/uploads\/2024\/07\/IMG_5426-964x1536.png 964w, https:\/\/gabrielveiz.com.br\/wp-content\/uploads\/2024\/07\/IMG_5426-600x956.png 600w\" sizes=\"(max-width: 1098px) 100vw, 1098px\" \/><\/a>\n\t\t\t<\/div><\/figure><figure class='gallery-item'>\n\t\t\t<div class='gallery-icon portrait'>\n\t\t\t\t<a data-elementor-open-lightbox=\"yes\" data-elementor-lightbox-slideshow=\"b6198a1\" data-elementor-lightbox-title=\"Ilustra\u00e7\u00e3o Sem T\u00edtulo\" data-e-action-hash=\"#elementor-action%3Aaction%3Dlightbox%26settings%3DeyJpZCI6MTcxOSwidXJsIjoiaHR0cHM6XC9cL2dhYnJpZWx2ZWl6LmNvbS5iclwvd3AtY29udGVudFwvdXBsb2Fkc1wvMjAyNFwvMDdcL0lNR181NDI1LXNjYWxlZC5qcGciLCJzbGlkZXNob3ciOiJiNjE5OGExIn0%3D\" href='https:\/\/gabrielveiz.com.br\/wp-content\/uploads\/2024\/07\/IMG_5425-scaled.jpg'><img loading=\"lazy\" decoding=\"async\" width=\"1810\" height=\"2560\" src=\"https:\/\/gabrielveiz.com.br\/wp-content\/uploads\/2024\/07\/IMG_5425-scaled.jpg\" class=\"attachment-full size-full\" alt=\"\" srcset=\"https:\/\/gabrielveiz.com.br\/wp-content\/uploads\/2024\/07\/IMG_5425-scaled.jpg 1810w, https:\/\/gabrielveiz.com.br\/wp-content\/uploads\/2024\/07\/IMG_5425-212x300.jpg 212w, https:\/\/gabrielveiz.com.br\/wp-content\/uploads\/2024\/07\/IMG_5425-724x1024.jpg 724w, https:\/\/gabrielveiz.com.br\/wp-content\/uploads\/2024\/07\/IMG_5425-768x1086.jpg 768w, https:\/\/gabrielveiz.com.br\/wp-content\/uploads\/2024\/07\/IMG_5425-1086x1536.jpg 1086w, https:\/\/gabrielveiz.com.br\/wp-content\/uploads\/2024\/07\/IMG_5425-1448x2048.jpg 1448w, https:\/\/gabrielveiz.com.br\/wp-content\/uploads\/2024\/07\/IMG_5425-600x849.jpg 600w\" sizes=\"(max-width: 1810px) 100vw, 1810px\" \/><\/a>\n\t\t\t<\/div><\/figure><figure class='gallery-item'>\n\t\t\t<div class='gallery-icon landscape'>\n\t\t\t\t<a data-elementor-open-lightbox=\"yes\" data-elementor-lightbox-slideshow=\"b6198a1\" data-elementor-lightbox-title=\"Ilustra\u00e7\u00e3o Sem T\u00edtulo\" data-e-action-hash=\"#elementor-action%3Aaction%3Dlightbox%26settings%3DeyJpZCI6MTcyNSwidXJsIjoiaHR0cHM6XC9cL2dhYnJpZWx2ZWl6LmNvbS5iclwvd3AtY29udGVudFwvdXBsb2Fkc1wvMjAyNFwvMDdcL0lNR181NDM4LXNjYWxlZC5qcGciLCJzbGlkZXNob3ciOiJiNjE5OGExIn0%3D\" href='https:\/\/gabrielveiz.com.br\/wp-content\/uploads\/2024\/07\/IMG_5438-scaled.jpg'><img loading=\"lazy\" decoding=\"async\" width=\"2560\" height=\"1810\" src=\"https:\/\/gabrielveiz.com.br\/wp-content\/uploads\/2024\/07\/IMG_5438-scaled.jpg\" class=\"attachment-full size-full\" alt=\"\" srcset=\"https:\/\/gabrielveiz.com.br\/wp-content\/uploads\/2024\/07\/IMG_5438-scaled.jpg 2560w, https:\/\/gabrielveiz.com.br\/wp-content\/uploads\/2024\/07\/IMG_5438-300x212.jpg 300w, https:\/\/gabrielveiz.com.br\/wp-content\/uploads\/2024\/07\/IMG_5438-1024x724.jpg 1024w, https:\/\/gabrielveiz.com.br\/wp-content\/uploads\/2024\/07\/IMG_5438-768x543.jpg 768w, https:\/\/gabrielveiz.com.br\/wp-content\/uploads\/2024\/07\/IMG_5438-1536x1086.jpg 1536w, https:\/\/gabrielveiz.com.br\/wp-content\/uploads\/2024\/07\/IMG_5438-2048x1448.jpg 2048w, https:\/\/gabrielveiz.com.br\/wp-content\/uploads\/2024\/07\/IMG_5438-600x424.jpg 600w\" sizes=\"(max-width: 2560px) 100vw, 2560px\" \/><\/a>\n\t\t\t<\/div><\/figure><figure class='gallery-item'>\n\t\t\t<div class='gallery-icon landscape'>\n\t\t\t\t<a data-elementor-open-lightbox=\"yes\" data-elementor-lightbox-slideshow=\"b6198a1\" data-elementor-lightbox-title=\"Ilustra\u00e7\u00e3o Sem T\u00edtulo\" data-e-action-hash=\"#elementor-action%3Aaction%3Dlightbox%26settings%3DeyJpZCI6MTcyMiwidXJsIjoiaHR0cHM6XC9cL2dhYnJpZWx2ZWl6LmNvbS5iclwvd3AtY29udGVudFwvdXBsb2Fkc1wvMjAyNFwvMDdcL0lNR181NDI4LXNjYWxlZC5qcGciLCJzbGlkZXNob3ciOiJiNjE5OGExIn0%3D\" href='https:\/\/gabrielveiz.com.br\/wp-content\/uploads\/2024\/07\/IMG_5428-scaled.jpg'><img loading=\"lazy\" decoding=\"async\" width=\"2560\" height=\"1810\" src=\"https:\/\/gabrielveiz.com.br\/wp-content\/uploads\/2024\/07\/IMG_5428-scaled.jpg\" class=\"attachment-full size-full\" alt=\"\" srcset=\"https:\/\/gabrielveiz.com.br\/wp-content\/uploads\/2024\/07\/IMG_5428-scaled.jpg 2560w, https:\/\/gabrielveiz.com.br\/wp-content\/uploads\/2024\/07\/IMG_5428-300x212.jpg 300w, https:\/\/gabrielveiz.com.br\/wp-content\/uploads\/2024\/07\/IMG_5428-1024x724.jpg 1024w, https:\/\/gabrielveiz.com.br\/wp-content\/uploads\/2024\/07\/IMG_5428-768x543.jpg 768w, https:\/\/gabrielveiz.com.br\/wp-content\/uploads\/2024\/07\/IMG_5428-1536x1086.jpg 1536w, https:\/\/gabrielveiz.com.br\/wp-content\/uploads\/2024\/07\/IMG_5428-2048x1448.jpg 2048w, https:\/\/gabrielveiz.com.br\/wp-content\/uploads\/2024\/07\/IMG_5428-600x424.jpg 600w\" sizes=\"(max-width: 2560px) 100vw, 2560px\" \/><\/a>\n\t\t\t<\/div><\/figure><figure class='gallery-item'>\n\t\t\t<div class='gallery-icon portrait'>\n\t\t\t\t<a data-elementor-open-lightbox=\"yes\" data-elementor-lightbox-slideshow=\"b6198a1\" data-elementor-lightbox-title=\"Ilustrac\u0327a\u0303o_Sem_Ti\u0301tulo\" data-e-action-hash=\"#elementor-action%3Aaction%3Dlightbox%26settings%3DeyJpZCI6MTcxNywidXJsIjoiaHR0cHM6XC9cL2dhYnJpZWx2ZWl6LmNvbS5iclwvd3AtY29udGVudFwvdXBsb2Fkc1wvMjAyNFwvMDdcL0lsdXN0cmFjYW9fU2VtX1RpdHVsby02LXNjYWxlZC5qcGciLCJzbGlkZXNob3ciOiJiNjE5OGExIn0%3D\" href='https:\/\/gabrielveiz.com.br\/wp-content\/uploads\/2024\/07\/Ilustracao_Sem_Titulo-6-scaled.jpg'><img loading=\"lazy\" decoding=\"async\" width=\"1810\" height=\"2560\" src=\"https:\/\/gabrielveiz.com.br\/wp-content\/uploads\/2024\/07\/Ilustracao_Sem_Titulo-6-scaled.jpg\" class=\"attachment-full size-full\" alt=\"\" srcset=\"https:\/\/gabrielveiz.com.br\/wp-content\/uploads\/2024\/07\/Ilustracao_Sem_Titulo-6-scaled.jpg 1810w, https:\/\/gabrielveiz.com.br\/wp-content\/uploads\/2024\/07\/Ilustracao_Sem_Titulo-6-212x300.jpg 212w, https:\/\/gabrielveiz.com.br\/wp-content\/uploads\/2024\/07\/Ilustracao_Sem_Titulo-6-724x1024.jpg 724w, https:\/\/gabrielveiz.com.br\/wp-content\/uploads\/2024\/07\/Ilustracao_Sem_Titulo-6-768x1086.jpg 768w, https:\/\/gabrielveiz.com.br\/wp-content\/uploads\/2024\/07\/Ilustracao_Sem_Titulo-6-1086x1536.jpg 1086w, https:\/\/gabrielveiz.com.br\/wp-content\/uploads\/2024\/07\/Ilustracao_Sem_Titulo-6-1448x2048.jpg 1448w, https:\/\/gabrielveiz.com.br\/wp-content\/uploads\/2024\/07\/Ilustracao_Sem_Titulo-6-600x849.jpg 600w\" sizes=\"(max-width: 1810px) 100vw, 1810px\" \/><\/a>\n\t\t\t<\/div><\/figure>\n\t\t<\/div>\n\t\t<\/div>\n\t\t\t\t\t\t<\/div>\n\t\t\t\t<\/div>\n\t\t\t\t<div class=\"elementor-element elementor-element-1b31f92 elementor-widget-divider--view-line elementor-widget elementor-widget-divider\" data-id=\"1b31f92\" data-element_type=\"widget\" data-e-type=\"widget\" data-widget_type=\"divider.default\">\n\t\t\t\t<div class=\"elementor-widget-container\">\n\t\t\t\t\t\t\t<div class=\"elementor-divider\">\n\t\t\t<span class=\"elementor-divider-separator\">\n\t\t\t\t\t\t<\/span>\n\t\t<\/div>\n\t\t\t\t\t\t<\/div>\n\t\t\t\t<\/div>\n\t\t\t\t\t<\/div>\n\t\t<\/div>\n\t\t\t\t\t<\/div>\n\t\t<\/section>\n\t\t\t\t<\/div>\n\t\t","protected":false},"excerpt":{"rendered":"<p>Dojo jiu-ji\u0301tsu<\/p>\n","protected":false},"author":1,"featured_media":0,"parent":0,"menu_order":0,"comment_status":"closed","ping_status":"closed","template":"elementor_header_footer","meta":{"footnotes":""},"class_list":["post-1718","page","type-page","status-publish","hentry"],"_links":{"self":[{"href":"https:\/\/gabrielveiz.com.br\/index.php\/wp-json\/wp\/v2\/pages\/1718","targetHints":{"allow":["GET"]}}],"collection":[{"href":"https:\/\/gabrielveiz.com.br\/index.php\/wp-json\/wp\/v2\/pages"}],"about":[{"href":"https:\/\/gabrielveiz.com.br\/index.php\/wp-json\/wp\/v2\/types\/page"}],"author":[{"embeddable":true,"href":"https:\/\/gabrielveiz.com.br\/index.php\/wp-json\/wp\/v2\/users\/1"}],"replies":[{"embeddable":true,"href":"https:\/\/gabrielveiz.com.br\/index.php\/wp-json\/wp\/v2\/comments?post=1718"}],"version-history":[{"count":7,"href":"https:\/\/gabrielveiz.com.br\/index.php\/wp-json\/wp\/v2\/pages\/1718\/revisions"}],"predecessor-version":[{"id":2076,"href":"https:\/\/gabrielveiz.com.br\/index.php\/wp-json\/wp\/v2\/pages\/1718\/revisions\/2076"}],"wp:attachment":[{"href":"https:\/\/gabrielveiz.com.br\/index.php\/wp-json\/wp\/v2\/media?parent=1718"}],"curies":[{"name":"wp","href":"https:\/\/api.w.org\/{rel}","templated":true}]}}