{"id":1660,"date":"2024-07-18T13:26:25","date_gmt":"2024-07-18T13:26:25","guid":{"rendered":"https:\/\/gabrielveiz.com.br\/?page_id=1660"},"modified":"2024-07-18T19:39:27","modified_gmt":"2024-07-18T19:39:27","slug":"ilustras_03_cia09","status":"publish","type":"page","link":"https:\/\/gabrielveiz.com.br\/index.php\/ilustras_03_cia09\/","title":{"rendered":"ilustras_03_cia09"},"content":{"rendered":"\t\t<div data-elementor-type=\"wp-page\" data-elementor-id=\"1660\" class=\"elementor elementor-1660\">\n\t\t\t\t\t\t<section class=\"elementor-section elementor-top-section elementor-element elementor-element-7b306f3 elementor-section-full_width elementor-section-height-min-height elementor-section-height-default elementor-section-items-middle\" data-id=\"7b306f3\" data-element_type=\"section\" data-e-type=\"section\" data-settings=\"{&quot;background_background&quot;:&quot;classic&quot;}\">\n\t\t\t\t\t\t\t<div class=\"elementor-background-overlay\"><\/div>\n\t\t\t\t\t\t\t<div class=\"elementor-container elementor-column-gap-no\">\n\t\t\t\t\t<div class=\"elementor-column elementor-col-100 elementor-top-column elementor-element elementor-element-8420f3a\" data-id=\"8420f3a\" data-element_type=\"column\" data-e-type=\"column\">\n\t\t\t<div class=\"elementor-widget-wrap elementor-element-populated\">\n\t\t\t\t\t\t<div class=\"elementor-element elementor-element-535d693 elementor-invisible elementor-widget elementor-widget-image\" data-id=\"535d693\" data-element_type=\"widget\" data-e-type=\"widget\" data-settings=\"{&quot;_animation&quot;:&quot;fadeInDown&quot;}\" data-widget_type=\"image.default\">\n\t\t\t\t<div class=\"elementor-widget-container\">\n\t\t\t\t\t\t\t\t\t\t\t\t\t\t\t<img fetchpriority=\"high\" decoding=\"async\" width=\"300\" height=\"230\" src=\"https:\/\/gabrielveiz.com.br\/wp-content\/uploads\/2023\/02\/logo_veiznovo_pq.png\" class=\"attachment-large size-large wp-image-358\" alt=\"\" \/>\t\t\t\t\t\t\t\t\t\t\t\t\t\t\t<\/div>\n\t\t\t\t<\/div>\n\t\t\t\t\t<\/div>\n\t\t<\/div>\n\t\t\t\t\t<\/div>\n\t\t<\/section>\n\t\t\t\t<section class=\"elementor-section elementor-top-section elementor-element elementor-element-f481910 elementor-section-boxed elementor-section-height-default elementor-section-height-default\" data-id=\"f481910\" data-element_type=\"section\" data-e-type=\"section\" data-settings=\"{&quot;background_background&quot;:&quot;classic&quot;}\">\n\t\t\t\t\t\t<div class=\"elementor-container elementor-column-gap-default\">\n\t\t\t\t\t<div class=\"elementor-column elementor-col-100 elementor-top-column elementor-element elementor-element-83f772f\" data-id=\"83f772f\" data-element_type=\"column\" data-e-type=\"column\" data-settings=\"{&quot;background_background&quot;:&quot;classic&quot;}\">\n\t\t\t<div class=\"elementor-widget-wrap elementor-element-populated\">\n\t\t\t\t\t\t<div class=\"elementor-element elementor-element-31b7012 elementor-widget elementor-widget-heading\" data-id=\"31b7012\" data-element_type=\"widget\" data-e-type=\"widget\" data-widget_type=\"heading.default\">\n\t\t\t\t<div class=\"elementor-widget-container\">\n\t\t\t\t\t<h2 class=\"elementor-heading-title elementor-size-default\">CIA 09<\/h2>\t\t\t\t<\/div>\n\t\t\t\t<\/div>\n\t\t\t\t<div class=\"elementor-element elementor-element-b6198a1 gallery-spacing-custom elementor-widget elementor-widget-image-gallery\" data-id=\"b6198a1\" data-element_type=\"widget\" data-e-type=\"widget\" data-widget_type=\"image-gallery.default\">\n\t\t\t\t<div class=\"elementor-widget-container\">\n\t\t\t\t\t\t\t<div class=\"elementor-image-gallery\">\n\t\t\t<div id='gallery-1' class='gallery galleryid-1660 gallery-columns-2 gallery-size-full'><figure class='gallery-item'>\n\t\t\t<div class='gallery-icon portrait'>\n\t\t\t\t<a data-elementor-open-lightbox=\"yes\" data-elementor-lightbox-slideshow=\"b6198a1\" data-elementor-lightbox-title=\"IMG_4461\" data-e-action-hash=\"#elementor-action%3Aaction%3Dlightbox%26settings%3DeyJpZCI6MTY2MiwidXJsIjoiaHR0cHM6XC9cL2dhYnJpZWx2ZWl6LmNvbS5iclwvd3AtY29udGVudFwvdXBsb2Fkc1wvMjAyNFwvMDdcL0lNR180NDYxLnBuZyIsInNsaWRlc2hvdyI6ImI2MTk4YTEifQ%3D%3D\" href='https:\/\/gabrielveiz.com.br\/wp-content\/uploads\/2024\/07\/IMG_4461.png'><img decoding=\"async\" width=\"421\" height=\"474\" src=\"https:\/\/gabrielveiz.com.br\/wp-content\/uploads\/2024\/07\/IMG_4461.png\" class=\"attachment-full size-full\" alt=\"\" srcset=\"https:\/\/gabrielveiz.com.br\/wp-content\/uploads\/2024\/07\/IMG_4461.png 421w, https:\/\/gabrielveiz.com.br\/wp-content\/uploads\/2024\/07\/IMG_4461-266x300.png 266w\" sizes=\"(max-width: 421px) 100vw, 421px\" \/><\/a>\n\t\t\t<\/div><\/figure><figure class='gallery-item'>\n\t\t\t<div class='gallery-icon landscape'>\n\t\t\t\t<a data-elementor-open-lightbox=\"yes\" data-elementor-lightbox-slideshow=\"b6198a1\" data-elementor-lightbox-title=\"IMG_4469\" data-e-action-hash=\"#elementor-action%3Aaction%3Dlightbox%26settings%3DeyJpZCI6MTY2MywidXJsIjoiaHR0cHM6XC9cL2dhYnJpZWx2ZWl6LmNvbS5iclwvd3AtY29udGVudFwvdXBsb2Fkc1wvMjAyNFwvMDdcL0lNR180NDY5LnBuZyIsInNsaWRlc2hvdyI6ImI2MTk4YTEifQ%3D%3D\" href='https:\/\/gabrielveiz.com.br\/wp-content\/uploads\/2024\/07\/IMG_4469.png'><img decoding=\"async\" width=\"565\" height=\"468\" src=\"https:\/\/gabrielveiz.com.br\/wp-content\/uploads\/2024\/07\/IMG_4469.png\" class=\"attachment-full size-full\" alt=\"\" srcset=\"https:\/\/gabrielveiz.com.br\/wp-content\/uploads\/2024\/07\/IMG_4469.png 565w, https:\/\/gabrielveiz.com.br\/wp-content\/uploads\/2024\/07\/IMG_4469-300x248.png 300w\" sizes=\"(max-width: 565px) 100vw, 565px\" \/><\/a>\n\t\t\t<\/div><\/figure><figure class='gallery-item'>\n\t\t\t<div class='gallery-icon landscape'>\n\t\t\t\t<a data-elementor-open-lightbox=\"yes\" data-elementor-lightbox-slideshow=\"b6198a1\" data-elementor-lightbox-title=\"IMG_4471\" data-e-action-hash=\"#elementor-action%3Aaction%3Dlightbox%26settings%3DeyJpZCI6MTY2NCwidXJsIjoiaHR0cHM6XC9cL2dhYnJpZWx2ZWl6LmNvbS5iclwvd3AtY29udGVudFwvdXBsb2Fkc1wvMjAyNFwvMDdcL0lNR180NDcxLnBuZyIsInNsaWRlc2hvdyI6ImI2MTk4YTEifQ%3D%3D\" href='https:\/\/gabrielveiz.com.br\/wp-content\/uploads\/2024\/07\/IMG_4471.png'><img loading=\"lazy\" decoding=\"async\" width=\"425\" height=\"398\" src=\"https:\/\/gabrielveiz.com.br\/wp-content\/uploads\/2024\/07\/IMG_4471.png\" class=\"attachment-full size-full\" alt=\"\" srcset=\"https:\/\/gabrielveiz.com.br\/wp-content\/uploads\/2024\/07\/IMG_4471.png 425w, https:\/\/gabrielveiz.com.br\/wp-content\/uploads\/2024\/07\/IMG_4471-300x281.png 300w\" sizes=\"(max-width: 425px) 100vw, 425px\" \/><\/a>\n\t\t\t<\/div><\/figure><figure class='gallery-item'>\n\t\t\t<div class='gallery-icon portrait'>\n\t\t\t\t<a data-elementor-open-lightbox=\"yes\" data-elementor-lightbox-slideshow=\"b6198a1\" data-elementor-lightbox-title=\"IMG_4472\" data-e-action-hash=\"#elementor-action%3Aaction%3Dlightbox%26settings%3DeyJpZCI6MTY2NSwidXJsIjoiaHR0cHM6XC9cL2dhYnJpZWx2ZWl6LmNvbS5iclwvd3AtY29udGVudFwvdXBsb2Fkc1wvMjAyNFwvMDdcL0lNR180NDcyLnBuZyIsInNsaWRlc2hvdyI6ImI2MTk4YTEifQ%3D%3D\" href='https:\/\/gabrielveiz.com.br\/wp-content\/uploads\/2024\/07\/IMG_4472.png'><img loading=\"lazy\" decoding=\"async\" width=\"406\" height=\"442\" src=\"https:\/\/gabrielveiz.com.br\/wp-content\/uploads\/2024\/07\/IMG_4472.png\" class=\"attachment-full size-full\" alt=\"\" srcset=\"https:\/\/gabrielveiz.com.br\/wp-content\/uploads\/2024\/07\/IMG_4472.png 406w, https:\/\/gabrielveiz.com.br\/wp-content\/uploads\/2024\/07\/IMG_4472-276x300.png 276w\" sizes=\"(max-width: 406px) 100vw, 406px\" \/><\/a>\n\t\t\t<\/div><\/figure><figure class='gallery-item'>\n\t\t\t<div class='gallery-icon portrait'>\n\t\t\t\t<a data-elementor-open-lightbox=\"yes\" data-elementor-lightbox-slideshow=\"b6198a1\" data-elementor-lightbox-title=\"IMG_4473\" data-e-action-hash=\"#elementor-action%3Aaction%3Dlightbox%26settings%3DeyJpZCI6MTY2NiwidXJsIjoiaHR0cHM6XC9cL2dhYnJpZWx2ZWl6LmNvbS5iclwvd3AtY29udGVudFwvdXBsb2Fkc1wvMjAyNFwvMDdcL0lNR180NDczLnBuZyIsInNsaWRlc2hvdyI6ImI2MTk4YTEifQ%3D%3D\" href='https:\/\/gabrielveiz.com.br\/wp-content\/uploads\/2024\/07\/IMG_4473.png'><img loading=\"lazy\" decoding=\"async\" width=\"408\" height=\"423\" src=\"https:\/\/gabrielveiz.com.br\/wp-content\/uploads\/2024\/07\/IMG_4473.png\" class=\"attachment-full size-full\" alt=\"\" srcset=\"https:\/\/gabrielveiz.com.br\/wp-content\/uploads\/2024\/07\/IMG_4473.png 408w, https:\/\/gabrielveiz.com.br\/wp-content\/uploads\/2024\/07\/IMG_4473-289x300.png 289w\" sizes=\"(max-width: 408px) 100vw, 408px\" \/><\/a>\n\t\t\t<\/div><\/figure><figure class='gallery-item'>\n\t\t\t<div class='gallery-icon landscape'>\n\t\t\t\t<a data-elementor-open-lightbox=\"yes\" data-elementor-lightbox-slideshow=\"b6198a1\" data-elementor-lightbox-title=\"Ilustra\u00e7\u00e3o Sem T\u00edtulo\" data-e-action-hash=\"#elementor-action%3Aaction%3Dlightbox%26settings%3DeyJpZCI6MTY2NywidXJsIjoiaHR0cHM6XC9cL2dhYnJpZWx2ZWl6LmNvbS5iclwvd3AtY29udGVudFwvdXBsb2Fkc1wvMjAyNFwvMDdcL0lNR180NTA4LXNjYWxlZC5qcGciLCJzbGlkZXNob3ciOiJiNjE5OGExIn0%3D\" href='https:\/\/gabrielveiz.com.br\/wp-content\/uploads\/2024\/07\/IMG_4508-scaled.jpg'><img loading=\"lazy\" decoding=\"async\" width=\"2560\" height=\"1810\" src=\"https:\/\/gabrielveiz.com.br\/wp-content\/uploads\/2024\/07\/IMG_4508-scaled.jpg\" class=\"attachment-full size-full\" alt=\"\" srcset=\"https:\/\/gabrielveiz.com.br\/wp-content\/uploads\/2024\/07\/IMG_4508-scaled.jpg 2560w, https:\/\/gabrielveiz.com.br\/wp-content\/uploads\/2024\/07\/IMG_4508-300x212.jpg 300w, https:\/\/gabrielveiz.com.br\/wp-content\/uploads\/2024\/07\/IMG_4508-1024x724.jpg 1024w, https:\/\/gabrielveiz.com.br\/wp-content\/uploads\/2024\/07\/IMG_4508-768x543.jpg 768w, https:\/\/gabrielveiz.com.br\/wp-content\/uploads\/2024\/07\/IMG_4508-1536x1086.jpg 1536w, https:\/\/gabrielveiz.com.br\/wp-content\/uploads\/2024\/07\/IMG_4508-2048x1448.jpg 2048w, https:\/\/gabrielveiz.com.br\/wp-content\/uploads\/2024\/07\/IMG_4508-600x424.jpg 600w\" sizes=\"(max-width: 2560px) 100vw, 2560px\" \/><\/a>\n\t\t\t<\/div><\/figure><figure class='gallery-item'>\n\t\t\t<div class='gallery-icon portrait'>\n\t\t\t\t<a data-elementor-open-lightbox=\"yes\" data-elementor-lightbox-slideshow=\"b6198a1\" data-elementor-lightbox-title=\"Ilustra\u00e7\u00e3o Sem T\u00edtulo\" data-e-action-hash=\"#elementor-action%3Aaction%3Dlightbox%26settings%3DeyJpZCI6MTY2OCwidXJsIjoiaHR0cHM6XC9cL2dhYnJpZWx2ZWl6LmNvbS5iclwvd3AtY29udGVudFwvdXBsb2Fkc1wvMjAyNFwvMDdcL0lNR180NTM2LXNjYWxlZC5qcGciLCJzbGlkZXNob3ciOiJiNjE5OGExIn0%3D\" href='https:\/\/gabrielveiz.com.br\/wp-content\/uploads\/2024\/07\/IMG_4536-scaled.jpg'><img loading=\"lazy\" decoding=\"async\" width=\"1810\" height=\"2560\" src=\"https:\/\/gabrielveiz.com.br\/wp-content\/uploads\/2024\/07\/IMG_4536-scaled.jpg\" class=\"attachment-full size-full\" alt=\"\" srcset=\"https:\/\/gabrielveiz.com.br\/wp-content\/uploads\/2024\/07\/IMG_4536-scaled.jpg 1810w, https:\/\/gabrielveiz.com.br\/wp-content\/uploads\/2024\/07\/IMG_4536-212x300.jpg 212w, https:\/\/gabrielveiz.com.br\/wp-content\/uploads\/2024\/07\/IMG_4536-724x1024.jpg 724w, https:\/\/gabrielveiz.com.br\/wp-content\/uploads\/2024\/07\/IMG_4536-768x1086.jpg 768w, https:\/\/gabrielveiz.com.br\/wp-content\/uploads\/2024\/07\/IMG_4536-1086x1536.jpg 1086w, https:\/\/gabrielveiz.com.br\/wp-content\/uploads\/2024\/07\/IMG_4536-1448x2048.jpg 1448w, https:\/\/gabrielveiz.com.br\/wp-content\/uploads\/2024\/07\/IMG_4536-600x849.jpg 600w\" sizes=\"(max-width: 1810px) 100vw, 1810px\" \/><\/a>\n\t\t\t<\/div><\/figure><figure class='gallery-item'>\n\t\t\t<div class='gallery-icon portrait'>\n\t\t\t\t<a data-elementor-open-lightbox=\"yes\" data-elementor-lightbox-slideshow=\"b6198a1\" data-elementor-lightbox-title=\"Ilustra\u00e7\u00e3o Sem T\u00edtulo\" data-e-action-hash=\"#elementor-action%3Aaction%3Dlightbox%26settings%3DeyJpZCI6MTY2OSwidXJsIjoiaHR0cHM6XC9cL2dhYnJpZWx2ZWl6LmNvbS5iclwvd3AtY29udGVudFwvdXBsb2Fkc1wvMjAyNFwvMDdcL0lNR180NTM3LXNjYWxlZC5qcGciLCJzbGlkZXNob3ciOiJiNjE5OGExIn0%3D\" href='https:\/\/gabrielveiz.com.br\/wp-content\/uploads\/2024\/07\/IMG_4537-scaled.jpg'><img loading=\"lazy\" decoding=\"async\" width=\"1810\" height=\"2560\" src=\"https:\/\/gabrielveiz.com.br\/wp-content\/uploads\/2024\/07\/IMG_4537-scaled.jpg\" class=\"attachment-full size-full\" alt=\"\" srcset=\"https:\/\/gabrielveiz.com.br\/wp-content\/uploads\/2024\/07\/IMG_4537-scaled.jpg 1810w, https:\/\/gabrielveiz.com.br\/wp-content\/uploads\/2024\/07\/IMG_4537-212x300.jpg 212w, https:\/\/gabrielveiz.com.br\/wp-content\/uploads\/2024\/07\/IMG_4537-724x1024.jpg 724w, https:\/\/gabrielveiz.com.br\/wp-content\/uploads\/2024\/07\/IMG_4537-768x1086.jpg 768w, https:\/\/gabrielveiz.com.br\/wp-content\/uploads\/2024\/07\/IMG_4537-1086x1536.jpg 1086w, https:\/\/gabrielveiz.com.br\/wp-content\/uploads\/2024\/07\/IMG_4537-1448x2048.jpg 1448w, https:\/\/gabrielveiz.com.br\/wp-content\/uploads\/2024\/07\/IMG_4537-600x849.jpg 600w\" sizes=\"(max-width: 1810px) 100vw, 1810px\" \/><\/a>\n\t\t\t<\/div><\/figure><figure class='gallery-item'>\n\t\t\t<div class='gallery-icon portrait'>\n\t\t\t\t<a data-elementor-open-lightbox=\"yes\" data-elementor-lightbox-slideshow=\"b6198a1\" data-elementor-lightbox-title=\"Ilustra\u00e7\u00e3o Sem T\u00edtulo\" data-e-action-hash=\"#elementor-action%3Aaction%3Dlightbox%26settings%3DeyJpZCI6MTY3MCwidXJsIjoiaHR0cHM6XC9cL2dhYnJpZWx2ZWl6LmNvbS5iclwvd3AtY29udGVudFwvdXBsb2Fkc1wvMjAyNFwvMDdcL0lNR180NTQwLXNjYWxlZC5qcGciLCJzbGlkZXNob3ciOiJiNjE5OGExIn0%3D\" href='https:\/\/gabrielveiz.com.br\/wp-content\/uploads\/2024\/07\/IMG_4540-scaled.jpg'><img loading=\"lazy\" decoding=\"async\" width=\"1810\" height=\"2560\" src=\"https:\/\/gabrielveiz.com.br\/wp-content\/uploads\/2024\/07\/IMG_4540-scaled.jpg\" class=\"attachment-full size-full\" alt=\"\" srcset=\"https:\/\/gabrielveiz.com.br\/wp-content\/uploads\/2024\/07\/IMG_4540-scaled.jpg 1810w, https:\/\/gabrielveiz.com.br\/wp-content\/uploads\/2024\/07\/IMG_4540-212x300.jpg 212w, https:\/\/gabrielveiz.com.br\/wp-content\/uploads\/2024\/07\/IMG_4540-724x1024.jpg 724w, https:\/\/gabrielveiz.com.br\/wp-content\/uploads\/2024\/07\/IMG_4540-768x1086.jpg 768w, https:\/\/gabrielveiz.com.br\/wp-content\/uploads\/2024\/07\/IMG_4540-1086x1536.jpg 1086w, https:\/\/gabrielveiz.com.br\/wp-content\/uploads\/2024\/07\/IMG_4540-1448x2048.jpg 1448w, https:\/\/gabrielveiz.com.br\/wp-content\/uploads\/2024\/07\/IMG_4540-600x849.jpg 600w\" sizes=\"(max-width: 1810px) 100vw, 1810px\" \/><\/a>\n\t\t\t<\/div><\/figure><figure class='gallery-item'>\n\t\t\t<div class='gallery-icon portrait'>\n\t\t\t\t<a data-elementor-open-lightbox=\"yes\" data-elementor-lightbox-slideshow=\"b6198a1\" data-elementor-lightbox-title=\"Ilustra\u00e7\u00e3o Sem T\u00edtulo\" data-e-action-hash=\"#elementor-action%3Aaction%3Dlightbox%26settings%3DeyJpZCI6MTY3MSwidXJsIjoiaHR0cHM6XC9cL2dhYnJpZWx2ZWl6LmNvbS5iclwvd3AtY29udGVudFwvdXBsb2Fkc1wvMjAyNFwvMDdcL0lNR180NTQxLXNjYWxlZC5qcGciLCJzbGlkZXNob3ciOiJiNjE5OGExIn0%3D\" href='https:\/\/gabrielveiz.com.br\/wp-content\/uploads\/2024\/07\/IMG_4541-scaled.jpg'><img loading=\"lazy\" decoding=\"async\" width=\"1810\" height=\"2560\" src=\"https:\/\/gabrielveiz.com.br\/wp-content\/uploads\/2024\/07\/IMG_4541-scaled.jpg\" class=\"attachment-full size-full\" alt=\"\" srcset=\"https:\/\/gabrielveiz.com.br\/wp-content\/uploads\/2024\/07\/IMG_4541-scaled.jpg 1810w, https:\/\/gabrielveiz.com.br\/wp-content\/uploads\/2024\/07\/IMG_4541-212x300.jpg 212w, https:\/\/gabrielveiz.com.br\/wp-content\/uploads\/2024\/07\/IMG_4541-724x1024.jpg 724w, https:\/\/gabrielveiz.com.br\/wp-content\/uploads\/2024\/07\/IMG_4541-768x1086.jpg 768w, https:\/\/gabrielveiz.com.br\/wp-content\/uploads\/2024\/07\/IMG_4541-1086x1536.jpg 1086w, https:\/\/gabrielveiz.com.br\/wp-content\/uploads\/2024\/07\/IMG_4541-1448x2048.jpg 1448w, https:\/\/gabrielveiz.com.br\/wp-content\/uploads\/2024\/07\/IMG_4541-600x849.jpg 600w\" sizes=\"(max-width: 1810px) 100vw, 1810px\" \/><\/a>\n\t\t\t<\/div><\/figure>\n\t\t<\/div>\n\t\t<\/div>\n\t\t\t\t\t\t<\/div>\n\t\t\t\t<\/div>\n\t\t\t\t<div class=\"elementor-element elementor-element-1b31f92 elementor-widget-divider--view-line elementor-widget elementor-widget-divider\" data-id=\"1b31f92\" data-element_type=\"widget\" data-e-type=\"widget\" data-widget_type=\"divider.default\">\n\t\t\t\t<div class=\"elementor-widget-container\">\n\t\t\t\t\t\t\t<div class=\"elementor-divider\">\n\t\t\t<span class=\"elementor-divider-separator\">\n\t\t\t\t\t\t<\/span>\n\t\t<\/div>\n\t\t\t\t\t\t<\/div>\n\t\t\t\t<\/div>\n\t\t\t\t\t<\/div>\n\t\t<\/div>\n\t\t\t\t\t<\/div>\n\t\t<\/section>\n\t\t\t\t<\/div>\n\t\t","protected":false},"excerpt":{"rendered":"<p>CIA 09<\/p>\n","protected":false},"author":1,"featured_media":0,"parent":0,"menu_order":0,"comment_status":"closed","ping_status":"closed","template":"elementor_header_footer","meta":{"footnotes":""},"class_list":["post-1660","page","type-page","status-publish","hentry"],"_links":{"self":[{"href":"https:\/\/gabrielveiz.com.br\/index.php\/wp-json\/wp\/v2\/pages\/1660","targetHints":{"allow":["GET"]}}],"collection":[{"href":"https:\/\/gabrielveiz.com.br\/index.php\/wp-json\/wp\/v2\/pages"}],"about":[{"href":"https:\/\/gabrielveiz.com.br\/index.php\/wp-json\/wp\/v2\/types\/page"}],"author":[{"embeddable":true,"href":"https:\/\/gabrielveiz.com.br\/index.php\/wp-json\/wp\/v2\/users\/1"}],"replies":[{"embeddable":true,"href":"https:\/\/gabrielveiz.com.br\/index.php\/wp-json\/wp\/v2\/comments?post=1660"}],"version-history":[{"count":10,"href":"https:\/\/gabrielveiz.com.br\/index.php\/wp-json\/wp\/v2\/pages\/1660\/revisions"}],"predecessor-version":[{"id":2085,"href":"https:\/\/gabrielveiz.com.br\/index.php\/wp-json\/wp\/v2\/pages\/1660\/revisions\/2085"}],"wp:attachment":[{"href":"https:\/\/gabrielveiz.com.br\/index.php\/wp-json\/wp\/v2\/media?parent=1660"}],"curies":[{"name":"wp","href":"https:\/\/api.w.org\/{rel}","templated":true}]}}